{"id":188,"date":"2015-05-20T15:01:38","date_gmt":"2015-05-20T15:01:38","guid":{"rendered":"https:\/\/villa-solta.com\/accommodation-2\/"},"modified":"2024-06-07T13:44:46","modified_gmt":"2024-06-07T11:44:46","slug":"unterkunfte","status":"publish","type":"page","link":"https:\/\/villa-solta.com\/de\/unterkunfte\/","title":{"rendered":"Unterkunft"},"content":{"rendered":"<p><strong>Jedes der f\u00fcnf\u00a0 Zimmer der Villa Solta, wie auch das Zweizimmerappartment, bieten Gem\u00fctlichkeit f\u00fcr einen erholsamen Urlaub. Wir k\u00fcmmern uns um die t\u00e4gliche Reinigung und frische Handt\u00fccher. Sie k\u00f6nnen sich in jedem Augenblick Ihres Aufenthaltes am Pool entspannen oder erholsam den Ausblick von der Terrasse geniessen.<\/strong><\/p>\n<p>&nbsp;<\/p>\n","protected":false},"excerpt":{"rendered":"<p>Jedes der f\u00fcnf  Zimmer der Villa Solta, wie auch das Zweizimmerappartment, bieten Gem\u00fctlichkeit f\u00fcr einen erholsamen Urlaub. Wir k\u00fcmmern uns um die t\u00e4gliche Reinigung und frische Handt\u00fccher. Sie k\u00f6nnen sich in jedem Augenblick Ihres Aufenthaltes am Pool entspannen oder erholsam den Ausblick von der Terrasse geniessen.<\/p>\n","protected":false},"author":1,"featured_media":1743,"parent":0,"menu_order":0,"comment_status":"open","ping_status":"open","template":"page-accommodation.php","meta":{"footnotes":""},"class_list":["post-188","page","type-page","status-publish","has-post-thumbnail","hentry","pages_categories-naslovnica-smjestaj-de"],"yoast_head":"<!-- This site is optimized with the Yoast SEO plugin v27.4 - https:\/\/yoast.com\/product\/yoast-seo-wordpress\/ -->\n<title>Unterk\u00fcnfte<\/title>\n<meta name=\"description\" content=\"Die Zimmer und die Apartments in Villa Solta sind modern und luxeri\u00f6s eingerichtet, um Ihnen einen angenehmen und entspannenden Aufenthalt zu erm\u00f6glichen.\" \/>\n<meta name=\"robots\" content=\"index, follow, max-snippet:-1, max-image-preview:large, max-video-preview:-1\" \/>\n<link rel=\"canonical\" href=\"https:\/\/villa-solta.com\/de\/unterkunfte\/\" \/>\n<meta property=\"og:locale\" content=\"de_DE\" \/>\n<meta property=\"og:type\" content=\"article\" \/>\n<meta property=\"og:title\" content=\"Unterk\u00fcnfte\" \/>\n<meta property=\"og:description\" content=\"Die Zimmer und die Apartments in Villa Solta sind modern und luxeri\u00f6s eingerichtet, um Ihnen einen angenehmen und entspannenden Aufenthalt zu erm\u00f6glichen.\" \/>\n<meta property=\"og:url\" content=\"https:\/\/villa-solta.com\/de\/unterkunfte\/\" \/>\n<meta property=\"og:site_name\" content=\"Villa \u0161olta\" \/>\n<meta property=\"article:modified_time\" content=\"2024-06-07T11:44:46+00:00\" \/>\n<meta property=\"og:image\" content=\"https:\/\/villa-solta.com\/wp-content\/uploads\/2015\/05\/20230621_15515330142.jpg\" \/>\n\t<meta property=\"og:image:width\" content=\"2560\" \/>\n\t<meta property=\"og:image:height\" content=\"2560\" \/>\n\t<meta property=\"og:image:type\" content=\"image\/jpeg\" \/>\n<meta name=\"twitter:card\" content=\"summary_large_image\" \/>\n<meta name=\"twitter:label1\" content=\"Gesch\u00e4tzte Lesezeit\" \/>\n\t<meta name=\"twitter:data1\" content=\"1\u00a0Minute\" \/>\n<script type=\"application\/ld+json\" class=\"yoast-schema-graph\">{\"@context\":\"https:\\\/\\\/schema.org\",\"@graph\":[{\"@type\":\"WebPage\",\"@id\":\"https:\\\/\\\/villa-solta.com\\\/de\\\/unterkunfte\\\/\",\"url\":\"https:\\\/\\\/villa-solta.com\\\/de\\\/unterkunfte\\\/\",\"name\":\"Unterk\u00fcnfte\",\"isPartOf\":{\"@id\":\"https:\\\/\\\/villa-solta.com\\\/#website\"},\"primaryImageOfPage\":{\"@id\":\"https:\\\/\\\/villa-solta.com\\\/de\\\/unterkunfte\\\/#primaryimage\"},\"image\":{\"@id\":\"https:\\\/\\\/villa-solta.com\\\/de\\\/unterkunfte\\\/#primaryimage\"},\"thumbnailUrl\":\"https:\\\/\\\/villa-solta.com\\\/wp-content\\\/uploads\\\/2015\\\/05\\\/20230621_15515330142.jpg\",\"datePublished\":\"2015-05-20T15:01:38+00:00\",\"dateModified\":\"2024-06-07T11:44:46+00:00\",\"description\":\"Die Zimmer und die Apartments in Villa Solta sind modern und luxeri\u00f6s eingerichtet, um Ihnen einen angenehmen und entspannenden Aufenthalt zu erm\u00f6glichen.\",\"breadcrumb\":{\"@id\":\"https:\\\/\\\/villa-solta.com\\\/de\\\/unterkunfte\\\/#breadcrumb\"},\"inLanguage\":\"de\",\"potentialAction\":[{\"@type\":\"ReadAction\",\"target\":[\"https:\\\/\\\/villa-solta.com\\\/de\\\/unterkunfte\\\/\"]}]},{\"@type\":\"ImageObject\",\"inLanguage\":\"de\",\"@id\":\"https:\\\/\\\/villa-solta.com\\\/de\\\/unterkunfte\\\/#primaryimage\",\"url\":\"https:\\\/\\\/villa-solta.com\\\/wp-content\\\/uploads\\\/2015\\\/05\\\/20230621_15515330142.jpg\",\"contentUrl\":\"https:\\\/\\\/villa-solta.com\\\/wp-content\\\/uploads\\\/2015\\\/05\\\/20230621_15515330142.jpg\",\"width\":2560,\"height\":2560},{\"@type\":\"BreadcrumbList\",\"@id\":\"https:\\\/\\\/villa-solta.com\\\/de\\\/unterkunfte\\\/#breadcrumb\",\"itemListElement\":[{\"@type\":\"ListItem\",\"position\":1,\"name\":\"Home\",\"item\":\"https:\\\/\\\/villa-solta.com\\\/\"},{\"@type\":\"ListItem\",\"position\":2,\"name\":\"Unterkunft\"}]},{\"@type\":\"WebSite\",\"@id\":\"https:\\\/\\\/villa-solta.com\\\/#website\",\"url\":\"https:\\\/\\\/villa-solta.com\\\/\",\"name\":\"Villa \u0161olta\",\"description\":\"Villa \u0160olta on Island \u0160olta\",\"potentialAction\":[{\"@type\":\"SearchAction\",\"target\":{\"@type\":\"EntryPoint\",\"urlTemplate\":\"https:\\\/\\\/villa-solta.com\\\/?s={search_term_string}\"},\"query-input\":{\"@type\":\"PropertyValueSpecification\",\"valueRequired\":true,\"valueName\":\"search_term_string\"}}],\"inLanguage\":\"de\"}]}<\/script>\n<!-- \/ Yoast SEO plugin. -->","yoast_head_json":{"title":"Unterk\u00fcnfte","description":"Die Zimmer und die Apartments in Villa Solta sind modern und luxeri\u00f6s eingerichtet, um Ihnen einen angenehmen und entspannenden Aufenthalt zu erm\u00f6glichen.","robots":{"index":"index","follow":"follow","max-snippet":"max-snippet:-1","max-image-preview":"max-image-preview:large","max-video-preview":"max-video-preview:-1"},"canonical":"https:\/\/villa-solta.com\/de\/unterkunfte\/","og_locale":"de_DE","og_type":"article","og_title":"Unterk\u00fcnfte","og_description":"Die Zimmer und die Apartments in Villa Solta sind modern und luxeri\u00f6s eingerichtet, um Ihnen einen angenehmen und entspannenden Aufenthalt zu erm\u00f6glichen.","og_url":"https:\/\/villa-solta.com\/de\/unterkunfte\/","og_site_name":"Villa \u0161olta","article_modified_time":"2024-06-07T11:44:46+00:00","og_image":[{"width":2560,"height":2560,"url":"https:\/\/villa-solta.com\/wp-content\/uploads\/2015\/05\/20230621_15515330142.jpg","type":"image\/jpeg"}],"twitter_card":"summary_large_image","twitter_misc":{"Gesch\u00e4tzte Lesezeit":"1\u00a0Minute"},"schema":{"@context":"https:\/\/schema.org","@graph":[{"@type":"WebPage","@id":"https:\/\/villa-solta.com\/de\/unterkunfte\/","url":"https:\/\/villa-solta.com\/de\/unterkunfte\/","name":"Unterk\u00fcnfte","isPartOf":{"@id":"https:\/\/villa-solta.com\/#website"},"primaryImageOfPage":{"@id":"https:\/\/villa-solta.com\/de\/unterkunfte\/#primaryimage"},"image":{"@id":"https:\/\/villa-solta.com\/de\/unterkunfte\/#primaryimage"},"thumbnailUrl":"https:\/\/villa-solta.com\/wp-content\/uploads\/2015\/05\/20230621_15515330142.jpg","datePublished":"2015-05-20T15:01:38+00:00","dateModified":"2024-06-07T11:44:46+00:00","description":"Die Zimmer und die Apartments in Villa Solta sind modern und luxeri\u00f6s eingerichtet, um Ihnen einen angenehmen und entspannenden Aufenthalt zu erm\u00f6glichen.","breadcrumb":{"@id":"https:\/\/villa-solta.com\/de\/unterkunfte\/#breadcrumb"},"inLanguage":"de","potentialAction":[{"@type":"ReadAction","target":["https:\/\/villa-solta.com\/de\/unterkunfte\/"]}]},{"@type":"ImageObject","inLanguage":"de","@id":"https:\/\/villa-solta.com\/de\/unterkunfte\/#primaryimage","url":"https:\/\/villa-solta.com\/wp-content\/uploads\/2015\/05\/20230621_15515330142.jpg","contentUrl":"https:\/\/villa-solta.com\/wp-content\/uploads\/2015\/05\/20230621_15515330142.jpg","width":2560,"height":2560},{"@type":"BreadcrumbList","@id":"https:\/\/villa-solta.com\/de\/unterkunfte\/#breadcrumb","itemListElement":[{"@type":"ListItem","position":1,"name":"Home","item":"https:\/\/villa-solta.com\/"},{"@type":"ListItem","position":2,"name":"Unterkunft"}]},{"@type":"WebSite","@id":"https:\/\/villa-solta.com\/#website","url":"https:\/\/villa-solta.com\/","name":"Villa \u0161olta","description":"Villa \u0160olta on Island \u0160olta","potentialAction":[{"@type":"SearchAction","target":{"@type":"EntryPoint","urlTemplate":"https:\/\/villa-solta.com\/?s={search_term_string}"},"query-input":{"@type":"PropertyValueSpecification","valueRequired":true,"valueName":"search_term_string"}}],"inLanguage":"de"}]}},"_links":{"self":[{"href":"https:\/\/villa-solta.com\/de\/wp-json\/wp\/v2\/pages\/188\/"}],"collection":[{"href":"https:\/\/villa-solta.com\/de\/wp-json\/wp\/v2\/pages\/"}],"about":[{"href":"https:\/\/villa-solta.com\/de\/wp-json\/wp\/v2\/types\/page\/"}],"author":[{"embeddable":true,"href":"https:\/\/villa-solta.com\/de\/wp-json\/wp\/v2\/users\/1\/"}],"replies":[{"embeddable":true,"href":"https:\/\/villa-solta.com\/de\/wp-json\/wp\/v2\/comments\/?post=188"}],"version-history":[{"count":8,"href":"https:\/\/villa-solta.com\/de\/wp-json\/wp\/v2\/pages\/188\/revisions\/"}],"predecessor-version":[{"id":1821,"href":"https:\/\/villa-solta.com\/de\/wp-json\/wp\/v2\/pages\/188\/revisions\/1821\/"}],"wp:featuredmedia":[{"embeddable":true,"href":"https:\/\/villa-solta.com\/de\/wp-json\/wp\/v2\/media\/1743\/"}],"wp:attachment":[{"href":"https:\/\/villa-solta.com\/de\/wp-json\/wp\/v2\/media\/?parent=188"}],"curies":[{"name":"wp","href":"https:\/\/api.w.org\/{rel}","templated":true}]}}