{"id":196,"date":"2015-05-21T09:00:19","date_gmt":"2015-05-21T09:00:19","guid":{"rendered":"https:\/\/villa-solta.com\/restaurant-2\/"},"modified":"2015-06-07T16:39:02","modified_gmt":"2015-06-07T14:39:02","slug":"restaurant","status":"publish","type":"page","link":"https:\/\/villa-solta.com\/de\/restaurant\/","title":{"rendered":"Restaurant"},"content":{"rendered":"","protected":false},"excerpt":{"rendered":"<p>F\u00fcr komplette Zufriedenheit unserer G\u00e4ste sorgt der Restaurant mit gro\u00dfem Hall und mit Terrassen auf drei Ebenen mit Meerblick, mit Blumen und B\u00e4umen umgeben.<\/p>\n","protected":false},"author":1,"featured_media":91,"parent":0,"menu_order":0,"comment_status":"open","ping_status":"open","template":"page-restaurant.php","meta":{"footnotes":""},"class_list":["post-196","page","type-page","status-publish","has-post-thumbnail","hentry","pages_categories-naslovnica-restoran-de"],"yoast_head":"<!-- This site is optimized with the Yoast SEO plugin v27.5 - https:\/\/yoast.com\/product\/yoast-seo-wordpress\/ -->\n<title>Restaurant<\/title>\n<meta name=\"description\" content=\"F\u00fcr komplette Zufriedenheit unserer G\u00e4ste sorgt der Restaurant mit gro\u00dfem Hall und mit Terrassen auf drei Ebenen mit Meerblick, mit Blumen und B\u00e4umen umgeben.\" \/>\n<meta name=\"robots\" content=\"index, follow, max-snippet:-1, max-image-preview:large, max-video-preview:-1\" \/>\n<link rel=\"canonical\" href=\"https:\/\/villa-solta.com\/de\/restaurant\/\" \/>\n<meta property=\"og:locale\" content=\"de_DE\" \/>\n<meta property=\"og:type\" content=\"article\" \/>\n<meta property=\"og:title\" content=\"Restaurant\" \/>\n<meta property=\"og:description\" content=\"F\u00fcr komplette Zufriedenheit unserer G\u00e4ste sorgt der Restaurant mit gro\u00dfem Hall und mit Terrassen auf drei Ebenen mit Meerblick, mit Blumen und B\u00e4umen umgeben.\" \/>\n<meta property=\"og:url\" content=\"https:\/\/villa-solta.com\/de\/restaurant\/\" \/>\n<meta property=\"og:site_name\" content=\"Villa \u0161olta\" \/>\n<meta property=\"article:modified_time\" content=\"2015-06-07T14:39:02+00:00\" \/>\n<meta property=\"og:image\" content=\"https:\/\/villa-solta.com\/wp-content\/uploads\/2015\/05\/restoran51.jpg\" \/>\n\t<meta property=\"og:image:width\" content=\"845\" \/>\n\t<meta property=\"og:image:height\" content=\"634\" \/>\n\t<meta property=\"og:image:type\" content=\"image\/jpeg\" \/>\n<meta name=\"twitter:card\" content=\"summary_large_image\" \/>\n<script type=\"application\/ld+json\" class=\"yoast-schema-graph\">{\"@context\":\"https:\\\/\\\/schema.org\",\"@graph\":[{\"@type\":\"WebPage\",\"@id\":\"https:\\\/\\\/villa-solta.com\\\/de\\\/restaurant\\\/\",\"url\":\"https:\\\/\\\/villa-solta.com\\\/de\\\/restaurant\\\/\",\"name\":\"Restaurant\",\"isPartOf\":{\"@id\":\"https:\\\/\\\/villa-solta.com\\\/#website\"},\"primaryImageOfPage\":{\"@id\":\"https:\\\/\\\/villa-solta.com\\\/de\\\/restaurant\\\/#primaryimage\"},\"image\":{\"@id\":\"https:\\\/\\\/villa-solta.com\\\/de\\\/restaurant\\\/#primaryimage\"},\"thumbnailUrl\":\"https:\\\/\\\/villa-solta.com\\\/wp-content\\\/uploads\\\/2015\\\/05\\\/restoran51.jpg\",\"datePublished\":\"2015-05-21T09:00:19+00:00\",\"dateModified\":\"2015-06-07T14:39:02+00:00\",\"description\":\"F\u00fcr komplette Zufriedenheit unserer G\u00e4ste sorgt der Restaurant mit gro\u00dfem Hall und mit Terrassen auf drei Ebenen mit Meerblick, mit Blumen und B\u00e4umen umgeben.\",\"breadcrumb\":{\"@id\":\"https:\\\/\\\/villa-solta.com\\\/de\\\/restaurant\\\/#breadcrumb\"},\"inLanguage\":\"de\",\"potentialAction\":[{\"@type\":\"ReadAction\",\"target\":[\"https:\\\/\\\/villa-solta.com\\\/de\\\/restaurant\\\/\"]}]},{\"@type\":\"ImageObject\",\"inLanguage\":\"de\",\"@id\":\"https:\\\/\\\/villa-solta.com\\\/de\\\/restaurant\\\/#primaryimage\",\"url\":\"https:\\\/\\\/villa-solta.com\\\/wp-content\\\/uploads\\\/2015\\\/05\\\/restoran51.jpg\",\"contentUrl\":\"https:\\\/\\\/villa-solta.com\\\/wp-content\\\/uploads\\\/2015\\\/05\\\/restoran51.jpg\",\"width\":845,\"height\":634,\"caption\":\"Digital StillCamera\"},{\"@type\":\"BreadcrumbList\",\"@id\":\"https:\\\/\\\/villa-solta.com\\\/de\\\/restaurant\\\/#breadcrumb\",\"itemListElement\":[{\"@type\":\"ListItem\",\"position\":1,\"name\":\"Home\",\"item\":\"https:\\\/\\\/villa-solta.com\\\/\"},{\"@type\":\"ListItem\",\"position\":2,\"name\":\"Restaurant\"}]},{\"@type\":\"WebSite\",\"@id\":\"https:\\\/\\\/villa-solta.com\\\/#website\",\"url\":\"https:\\\/\\\/villa-solta.com\\\/\",\"name\":\"Villa \u0161olta\",\"description\":\"Villa \u0160olta on Island \u0160olta\",\"potentialAction\":[{\"@type\":\"SearchAction\",\"target\":{\"@type\":\"EntryPoint\",\"urlTemplate\":\"https:\\\/\\\/villa-solta.com\\\/?s={search_term_string}\"},\"query-input\":{\"@type\":\"PropertyValueSpecification\",\"valueRequired\":true,\"valueName\":\"search_term_string\"}}],\"inLanguage\":\"de\"}]}<\/script>\n<!-- \/ Yoast SEO plugin. -->","yoast_head_json":{"title":"Restaurant","description":"F\u00fcr komplette Zufriedenheit unserer G\u00e4ste sorgt der Restaurant mit gro\u00dfem Hall und mit Terrassen auf drei Ebenen mit Meerblick, mit Blumen und B\u00e4umen umgeben.","robots":{"index":"index","follow":"follow","max-snippet":"max-snippet:-1","max-image-preview":"max-image-preview:large","max-video-preview":"max-video-preview:-1"},"canonical":"https:\/\/villa-solta.com\/de\/restaurant\/","og_locale":"de_DE","og_type":"article","og_title":"Restaurant","og_description":"F\u00fcr komplette Zufriedenheit unserer G\u00e4ste sorgt der Restaurant mit gro\u00dfem Hall und mit Terrassen auf drei Ebenen mit Meerblick, mit Blumen und B\u00e4umen umgeben.","og_url":"https:\/\/villa-solta.com\/de\/restaurant\/","og_site_name":"Villa \u0161olta","article_modified_time":"2015-06-07T14:39:02+00:00","og_image":[{"width":845,"height":634,"url":"https:\/\/villa-solta.com\/wp-content\/uploads\/2015\/05\/restoran51.jpg","type":"image\/jpeg"}],"twitter_card":"summary_large_image","schema":{"@context":"https:\/\/schema.org","@graph":[{"@type":"WebPage","@id":"https:\/\/villa-solta.com\/de\/restaurant\/","url":"https:\/\/villa-solta.com\/de\/restaurant\/","name":"Restaurant","isPartOf":{"@id":"https:\/\/villa-solta.com\/#website"},"primaryImageOfPage":{"@id":"https:\/\/villa-solta.com\/de\/restaurant\/#primaryimage"},"image":{"@id":"https:\/\/villa-solta.com\/de\/restaurant\/#primaryimage"},"thumbnailUrl":"https:\/\/villa-solta.com\/wp-content\/uploads\/2015\/05\/restoran51.jpg","datePublished":"2015-05-21T09:00:19+00:00","dateModified":"2015-06-07T14:39:02+00:00","description":"F\u00fcr komplette Zufriedenheit unserer G\u00e4ste sorgt der Restaurant mit gro\u00dfem Hall und mit Terrassen auf drei Ebenen mit Meerblick, mit Blumen und B\u00e4umen umgeben.","breadcrumb":{"@id":"https:\/\/villa-solta.com\/de\/restaurant\/#breadcrumb"},"inLanguage":"de","potentialAction":[{"@type":"ReadAction","target":["https:\/\/villa-solta.com\/de\/restaurant\/"]}]},{"@type":"ImageObject","inLanguage":"de","@id":"https:\/\/villa-solta.com\/de\/restaurant\/#primaryimage","url":"https:\/\/villa-solta.com\/wp-content\/uploads\/2015\/05\/restoran51.jpg","contentUrl":"https:\/\/villa-solta.com\/wp-content\/uploads\/2015\/05\/restoran51.jpg","width":845,"height":634,"caption":"Digital StillCamera"},{"@type":"BreadcrumbList","@id":"https:\/\/villa-solta.com\/de\/restaurant\/#breadcrumb","itemListElement":[{"@type":"ListItem","position":1,"name":"Home","item":"https:\/\/villa-solta.com\/"},{"@type":"ListItem","position":2,"name":"Restaurant"}]},{"@type":"WebSite","@id":"https:\/\/villa-solta.com\/#website","url":"https:\/\/villa-solta.com\/","name":"Villa \u0161olta","description":"Villa \u0160olta on Island \u0160olta","potentialAction":[{"@type":"SearchAction","target":{"@type":"EntryPoint","urlTemplate":"https:\/\/villa-solta.com\/?s={search_term_string}"},"query-input":{"@type":"PropertyValueSpecification","valueRequired":true,"valueName":"search_term_string"}}],"inLanguage":"de"}]}},"_links":{"self":[{"href":"https:\/\/villa-solta.com\/de\/wp-json\/wp\/v2\/pages\/196\/"}],"collection":[{"href":"https:\/\/villa-solta.com\/de\/wp-json\/wp\/v2\/pages\/"}],"about":[{"href":"https:\/\/villa-solta.com\/de\/wp-json\/wp\/v2\/types\/page\/"}],"author":[{"embeddable":true,"href":"https:\/\/villa-solta.com\/de\/wp-json\/wp\/v2\/users\/1\/"}],"replies":[{"embeddable":true,"href":"https:\/\/villa-solta.com\/de\/wp-json\/wp\/v2\/comments\/?post=196"}],"version-history":[{"count":1,"href":"https:\/\/villa-solta.com\/de\/wp-json\/wp\/v2\/pages\/196\/revisions\/"}],"predecessor-version":[{"id":199,"href":"https:\/\/villa-solta.com\/de\/wp-json\/wp\/v2\/pages\/196\/revisions\/199\/"}],"wp:featuredmedia":[{"embeddable":true,"href":"https:\/\/villa-solta.com\/de\/wp-json\/wp\/v2\/media\/91\/"}],"wp:attachment":[{"href":"https:\/\/villa-solta.com\/de\/wp-json\/wp\/v2\/media\/?parent=196"}],"curies":[{"name":"wp","href":"https:\/\/api.w.org\/{rel}","templated":true}]}}