{"id":355,"date":"2015-05-26T10:21:54","date_gmt":"2015-05-26T10:21:54","guid":{"rendered":"https:\/\/villa-solta.com\/about-soltarogac-2\/"},"modified":"2018-03-28T14:48:56","modified_gmt":"2018-03-28T12:48:56","slug":"uber-solta-rogac","status":"publish","type":"page","link":"https:\/\/villa-solta.com\/de\/uber-solta-rogac\/","title":{"rendered":"\u00dcber Solta \/ Rogac"},"content":{"rendered":"\n\n    <div class='gallery lightbox clr '>\n    <div class=\"row\"><div class='col-xs-6 col-md-3 col-lg-3 gallery-item'> <a href='https:\/\/villa-solta.com\/wp-content\/uploads\/2015\/05\/solta_rogac.jpg' rel='gallery' title=''> <img src='https:\/\/villa-solta.com\/wp-content\/uploads\/2015\/05\/solta_rogac-150x150.jpg' alt='' class='img-responsive' ><\/a><\/div><div class='col-xs-6 col-md-3 col-lg-3 gallery-item'> <a href='https:\/\/villa-solta.com\/wp-content\/uploads\/2015\/05\/solta_rogac1.jpg' rel='gallery' title=''> <img src='https:\/\/villa-solta.com\/wp-content\/uploads\/2015\/05\/solta_rogac1-150x150.jpg' alt='' class='img-responsive' ><\/a><\/div><div class='col-xs-6 col-md-3 col-lg-3 gallery-item'> <a href='https:\/\/villa-solta.com\/wp-content\/uploads\/2015\/05\/solta_rogac2.jpg' rel='gallery' title=''> <img src='https:\/\/villa-solta.com\/wp-content\/uploads\/2015\/05\/solta_rogac2-150x150.jpg' alt='' class='img-responsive' ><\/a><\/div><div class='col-xs-6 col-md-3 col-lg-3 gallery-item'> <a href='https:\/\/villa-solta.com\/wp-content\/uploads\/2015\/05\/solta_rogac4.jpg' rel='gallery' title=''> <img src='https:\/\/villa-solta.com\/wp-content\/uploads\/2015\/05\/solta_rogac4-150x150.jpg' alt='' class='img-responsive' ><\/a><\/div><div class='col-xs-6 col-md-3 col-lg-3 gallery-item'> <a href='https:\/\/villa-solta.com\/wp-content\/uploads\/2015\/05\/solta_rogac5.jpg' rel='gallery' title=''> <img src='https:\/\/villa-solta.com\/wp-content\/uploads\/2015\/05\/solta_rogac5-150x150.jpg' alt='' class='img-responsive' ><\/a><\/div><div class='col-xs-6 col-md-3 col-lg-3 gallery-item'> <a href='https:\/\/villa-solta.com\/wp-content\/uploads\/2015\/05\/solta_rogac7.jpg' rel='gallery' title=''> <img src='https:\/\/villa-solta.com\/wp-content\/uploads\/2015\/05\/solta_rogac7-150x150.jpg' alt='' class='img-responsive' ><\/a><\/div><div class='col-xs-6 col-md-3 col-lg-3 gallery-item'> <a href='https:\/\/villa-solta.com\/wp-content\/uploads\/2015\/05\/solta_rogac8.jpg' rel='gallery' title=''> <img src='https:\/\/villa-solta.com\/wp-content\/uploads\/2015\/05\/solta_rogac8-150x150.jpg' alt='' class='img-responsive' ><\/a><\/div><div class='col-xs-6 col-md-3 col-lg-3 gallery-item'> <a href='https:\/\/villa-solta.com\/wp-content\/uploads\/2015\/05\/solta_rogac9.jpg' rel='gallery' title=''> <img src='https:\/\/villa-solta.com\/wp-content\/uploads\/2015\/05\/solta_rogac9-150x150.jpg' alt='' class='img-responsive' ><\/a><\/div><div class='col-xs-6 col-md-3 col-lg-3 gallery-item'> <a href='https:\/\/villa-solta.com\/wp-content\/uploads\/2015\/05\/solta_rogac10.jpg' rel='gallery' title=''> <img src='https:\/\/villa-solta.com\/wp-content\/uploads\/2015\/05\/solta_rogac10-150x150.jpg' alt='' class='img-responsive' ><\/a><\/div><div class='col-xs-6 col-md-3 col-lg-3 gallery-item'> <a href='https:\/\/villa-solta.com\/wp-content\/uploads\/2015\/05\/solta_rogac11.jpg' rel='gallery' title=''> <img src='https:\/\/villa-solta.com\/wp-content\/uploads\/2015\/05\/solta_rogac11-150x150.jpg' alt='' class='img-responsive' ><\/a><\/div><div class='col-xs-6 col-md-3 col-lg-3 gallery-item'> <a href='https:\/\/villa-solta.com\/wp-content\/uploads\/2015\/05\/solta_rogac12.jpg' rel='gallery' title=''> <img src='https:\/\/villa-solta.com\/wp-content\/uploads\/2015\/05\/solta_rogac12-150x150.jpg' alt='' class='img-responsive' ><\/a><\/div><div class='col-xs-6 col-md-3 col-lg-3 gallery-item'> <a href='https:\/\/villa-solta.com\/wp-content\/uploads\/2015\/05\/solta_rogac13.jpg' rel='gallery' title=''> <img src='https:\/\/villa-solta.com\/wp-content\/uploads\/2015\/05\/solta_rogac13-150x150.jpg' alt='' class='img-responsive' ><\/a><\/div><\/div>\n    <\/div>\n\n<p><strong>\u0160olta<\/strong><\/p>\n<p>\u0160olta war seit je eine Insel der Fischer und Bauer, Wein und Oliven, heute ist sie eine Schatzkiste voll Erinnerungen an den Mediterran von Damals. Ein Spaziergang durch die alten Steingassen versetzt Sie in die l\u00e4ngst vergangene Zeit. Dort werden die Feigen auf den Hofe in der Sonne getrocknet, aus den Keller lockt der Geruch von guten Hauswein aus den weit bekannten Dobri\u010di\u0107-Reben.<\/p>\n<p>Nur Wenige k\u00f6nnen sich dieser Versuchung entziehen, ebenso unber\u00fchrtem Natur und gesundem Klima. Das wussten schon der r\u00f6mische Kaiser Diokletian und die Ilirer-K\u00f6nigin Teuta, genauso holten hier die gr\u00f6\u00dften kroatischen Dichter Marko Marulic und Petar Hektorovic die Inspiration f\u00fcr ihren gro\u00dfen Werken. Beinah dieselbe Solta k\u00f6nnen wir heute noch sehen. Dort werden beim Grillen und Weintrinken dalmatinische Volkslieder gesungen, die Nachtsruhe wird ab und zu von geheimnisvollen Lauten der Eule gebrochen, die Soltas Schutzzeichen und der meist verkaufte Souvenir ist.<\/p>\n<p>Solta ist eine mittelgro\u00dfe Insel mit 70 km Meerk\u00fcste, mit unz\u00e4hligen Buchten und 7 vorgelagerten Inselchen an der Westseite. Auf der Insel befinden sich 8 Dorfer (Stomorska, Gornje Selo, Necujam, Grohote, Rogac, Srednje Selo, Donje Selo i Maslinica) mit insgesamt ca. 1500 Bewohner. Im Hauptort Grohote findet man alle wichtige Einrichtungen: Ambulanz mit Hubschrauberlandeplatz, Post, Polizei, Apotheke, Feuerwehr, Kulturzentrum, Markt und Market.<\/p>\n<p>Der Flughafen ist ganze 20 km vom Hafen Split entfernt, von dem Sie Solta schnell und einfach mit einer der viele Linien erreichen k\u00f6nnen.<\/p>\n<p>&nbsp;<\/p>\n<p>&nbsp;<\/p>\n<p><strong>Roga\u010d<\/strong><\/p>\n<p>Rogac ist die \u00e4lteste Siedlung an der K\u00fcste, die erste Station f\u00fcr die Soltas G\u00e4ste. In der Geschichte war Roga\u010d eine Siedlung der Fischer und Seem\u00e4nner. Besiedelt war es schon in r\u00f6mischer Zeit, wegen der Piraten\u00fcberf\u00e4lle und Entfernung vom fruchtbaren Ackerland war es nie eine gro\u00dfe Siedlung geworden. Eine der bekannte arheologischen Funde sind das Wirtschaftsgeb\u00e4ude aus der r\u00f6mischen Zeit sowie noch \u00e4ltere Mauer im Meer aus der Antik.<\/p>\n<p>Im Ort befinden sich Touristb\u00fcro, Restaurants, Tankstelle, kleine Marina, Kirche, sowie mehrere Naturstr\u00e4nde und Spazierwege.<\/p>\n<p>&nbsp;<\/p>\n\n\n    <div class='gallery lightbox clr '>\n    <div class=\"row\"><div class='col-xs-6 col-md-3 col-lg-3 gallery-item'> <a href='https:\/\/villa-solta.com\/wp-content\/uploads\/2018\/03\/x-beach-in-rogac.jpg' rel='gallery' title=''> <img src='https:\/\/villa-solta.com\/wp-content\/uploads\/2018\/03\/x-beach-in-rogac-150x150.jpg' alt='' class='img-responsive' ><\/a><\/div><div class='col-xs-6 col-md-3 col-lg-3 gallery-item'> <a href='https:\/\/villa-solta.com\/wp-content\/uploads\/2018\/03\/x-Grohote.jpg' rel='gallery' title=''> <img src='https:\/\/villa-solta.com\/wp-content\/uploads\/2018\/03\/x-Grohote-150x150.jpg' alt='' class='img-responsive' ><\/a><\/div><div class='col-xs-6 col-md-3 col-lg-3 gallery-item'> <a href='https:\/\/villa-solta.com\/wp-content\/uploads\/2018\/03\/x-Maslinica-2-1024x683.jpg' rel='gallery' title=''> <img src='https:\/\/villa-solta.com\/wp-content\/uploads\/2018\/03\/x-Maslinica-2-150x150.jpg' alt='' class='img-responsive' ><\/a><\/div><div class='col-xs-6 col-md-3 col-lg-3 gallery-item'> <a href='https:\/\/villa-solta.com\/wp-content\/uploads\/2018\/03\/x-rogac-32768775-1024x682.jpg' rel='gallery' title=''> <img src='https:\/\/villa-solta.com\/wp-content\/uploads\/2018\/03\/x-rogac-32768775-150x150.jpg' alt='' class='img-responsive' ><\/a><\/div><div class='col-xs-6 col-md-3 col-lg-3 gallery-item'> <a href='https:\/\/villa-solta.com\/wp-content\/uploads\/2018\/03\/x-rogac-65891690-1024x577.jpg' rel='gallery' title=''> <img src='https:\/\/villa-solta.com\/wp-content\/uploads\/2018\/03\/x-rogac-65891690-150x150.jpg' alt='' class='img-responsive' ><\/a><\/div><div class='col-xs-6 col-md-3 col-lg-3 gallery-item'> <a href='https:\/\/villa-solta.com\/wp-content\/uploads\/2018\/03\/x-rogac.jpg' rel='gallery' title=''> <img src='https:\/\/villa-solta.com\/wp-content\/uploads\/2018\/03\/x-rogac-150x150.jpg' alt='' class='img-responsive' ><\/a><\/div><div class='col-xs-6 col-md-3 col-lg-3 gallery-item'> <a href='https:\/\/villa-solta.com\/wp-content\/uploads\/2018\/03\/x-rogac116722764-1024x768.jpg' rel='gallery' title=''> <img src='https:\/\/villa-solta.com\/wp-content\/uploads\/2018\/03\/x-rogac116722764-150x150.jpg' alt='' class='img-responsive' ><\/a><\/div><div class='col-xs-6 col-md-3 col-lg-3 gallery-item'> <a href='https:\/\/villa-solta.com\/wp-content\/uploads\/2018\/03\/x-Stomorska.jpg' rel='gallery' title=''> <img src='https:\/\/villa-solta.com\/wp-content\/uploads\/2018\/03\/x-Stomorska-150x150.jpg' alt='' class='img-responsive' ><\/a><\/div><\/div>\n    <\/div>\n\n","protected":false},"excerpt":{"rendered":"<p>\u0160olta \u0160olta war seit je eine Insel der Fischer und Bauer, Wein und Oliven, heute ist sie eine Schatzkiste voll Erinnerungen an den Mediterran von Damals. Ein Spaziergang durch die alten Steingassen versetzt Sie in die l\u00e4ngst vergangene Zeit. Dort werden die Feigen auf den Hofe in der Sonne getrocknet, aus den Keller lockt der [&hellip;]<\/p>\n","protected":false},"author":1,"featured_media":351,"parent":0,"menu_order":0,"comment_status":"open","ping_status":"closed","template":"page.php","meta":{"footnotes":""},"class_list":["post-355","page","type-page","status-publish","has-post-thumbnail","hentry"],"yoast_head":"<!-- This site is optimized with the Yoast SEO plugin v27.5 - https:\/\/yoast.com\/product\/yoast-seo-wordpress\/ -->\n<title>\u00dcber Solta \/ Rogac - Villa \u0161olta<\/title>\n<meta name=\"robots\" content=\"index, follow, max-snippet:-1, max-image-preview:large, max-video-preview:-1\" \/>\n<link rel=\"canonical\" href=\"https:\/\/villa-solta.com\/de\/uber-solta-rogac\/\" \/>\n<meta property=\"og:locale\" content=\"de_DE\" \/>\n<meta property=\"og:type\" content=\"article\" \/>\n<meta property=\"og:title\" content=\"\u00dcber Solta \/ Rogac - Villa \u0161olta\" \/>\n<meta property=\"og:description\" content=\"\u0160olta \u0160olta war seit je eine Insel der Fischer und Bauer, Wein und Oliven, heute ist sie eine Schatzkiste voll Erinnerungen an den Mediterran von Damals. Ein Spaziergang durch die alten Steingassen versetzt Sie in die l\u00e4ngst vergangene Zeit. Dort werden die Feigen auf den Hofe in der Sonne getrocknet, aus den Keller lockt der [&hellip;]\" \/>\n<meta property=\"og:url\" content=\"https:\/\/villa-solta.com\/de\/uber-solta-rogac\/\" \/>\n<meta property=\"og:site_name\" content=\"Villa \u0161olta\" \/>\n<meta property=\"article:modified_time\" content=\"2018-03-28T12:48:56+00:00\" \/>\n<meta property=\"og:image\" content=\"https:\/\/villa-solta.com\/wp-content\/uploads\/2015\/05\/solta_rogac.jpg\" \/>\n\t<meta property=\"og:image:width\" content=\"845\" \/>\n\t<meta property=\"og:image:height\" content=\"562\" \/>\n\t<meta property=\"og:image:type\" content=\"image\/jpeg\" \/>\n<meta name=\"twitter:card\" content=\"summary_large_image\" \/>\n<meta name=\"twitter:label1\" content=\"Gesch\u00e4tzte Lesezeit\" \/>\n\t<meta name=\"twitter:data1\" content=\"2\u00a0Minuten\" \/>\n<script type=\"application\/ld+json\" class=\"yoast-schema-graph\">{\"@context\":\"https:\\\/\\\/schema.org\",\"@graph\":[{\"@type\":\"WebPage\",\"@id\":\"https:\\\/\\\/villa-solta.com\\\/de\\\/uber-solta-rogac\\\/\",\"url\":\"https:\\\/\\\/villa-solta.com\\\/de\\\/uber-solta-rogac\\\/\",\"name\":\"\u00dcber Solta \\\/ Rogac - Villa \u0161olta\",\"isPartOf\":{\"@id\":\"https:\\\/\\\/villa-solta.com\\\/#website\"},\"primaryImageOfPage\":{\"@id\":\"https:\\\/\\\/villa-solta.com\\\/de\\\/uber-solta-rogac\\\/#primaryimage\"},\"image\":{\"@id\":\"https:\\\/\\\/villa-solta.com\\\/de\\\/uber-solta-rogac\\\/#primaryimage\"},\"thumbnailUrl\":\"https:\\\/\\\/villa-solta.com\\\/wp-content\\\/uploads\\\/2015\\\/05\\\/solta_rogac.jpg\",\"datePublished\":\"2015-05-26T10:21:54+00:00\",\"dateModified\":\"2018-03-28T12:48:56+00:00\",\"breadcrumb\":{\"@id\":\"https:\\\/\\\/villa-solta.com\\\/de\\\/uber-solta-rogac\\\/#breadcrumb\"},\"inLanguage\":\"de\",\"potentialAction\":[{\"@type\":\"ReadAction\",\"target\":[\"https:\\\/\\\/villa-solta.com\\\/de\\\/uber-solta-rogac\\\/\"]}]},{\"@type\":\"ImageObject\",\"inLanguage\":\"de\",\"@id\":\"https:\\\/\\\/villa-solta.com\\\/de\\\/uber-solta-rogac\\\/#primaryimage\",\"url\":\"https:\\\/\\\/villa-solta.com\\\/wp-content\\\/uploads\\\/2015\\\/05\\\/solta_rogac.jpg\",\"contentUrl\":\"https:\\\/\\\/villa-solta.com\\\/wp-content\\\/uploads\\\/2015\\\/05\\\/solta_rogac.jpg\",\"width\":845,\"height\":562},{\"@type\":\"BreadcrumbList\",\"@id\":\"https:\\\/\\\/villa-solta.com\\\/de\\\/uber-solta-rogac\\\/#breadcrumb\",\"itemListElement\":[{\"@type\":\"ListItem\",\"position\":1,\"name\":\"Home\",\"item\":\"https:\\\/\\\/villa-solta.com\\\/\"},{\"@type\":\"ListItem\",\"position\":2,\"name\":\"\u00dcber Solta \\\/ Rogac\"}]},{\"@type\":\"WebSite\",\"@id\":\"https:\\\/\\\/villa-solta.com\\\/#website\",\"url\":\"https:\\\/\\\/villa-solta.com\\\/\",\"name\":\"Villa \u0161olta\",\"description\":\"Villa \u0160olta on Island \u0160olta\",\"potentialAction\":[{\"@type\":\"SearchAction\",\"target\":{\"@type\":\"EntryPoint\",\"urlTemplate\":\"https:\\\/\\\/villa-solta.com\\\/?s={search_term_string}\"},\"query-input\":{\"@type\":\"PropertyValueSpecification\",\"valueRequired\":true,\"valueName\":\"search_term_string\"}}],\"inLanguage\":\"de\"}]}<\/script>\n<!-- \/ Yoast SEO plugin. -->","yoast_head_json":{"title":"\u00dcber Solta \/ Rogac - Villa \u0161olta","robots":{"index":"index","follow":"follow","max-snippet":"max-snippet:-1","max-image-preview":"max-image-preview:large","max-video-preview":"max-video-preview:-1"},"canonical":"https:\/\/villa-solta.com\/de\/uber-solta-rogac\/","og_locale":"de_DE","og_type":"article","og_title":"\u00dcber Solta \/ Rogac - Villa \u0161olta","og_description":"\u0160olta \u0160olta war seit je eine Insel der Fischer und Bauer, Wein und Oliven, heute ist sie eine Schatzkiste voll Erinnerungen an den Mediterran von Damals. Ein Spaziergang durch die alten Steingassen versetzt Sie in die l\u00e4ngst vergangene Zeit. Dort werden die Feigen auf den Hofe in der Sonne getrocknet, aus den Keller lockt der [&hellip;]","og_url":"https:\/\/villa-solta.com\/de\/uber-solta-rogac\/","og_site_name":"Villa \u0161olta","article_modified_time":"2018-03-28T12:48:56+00:00","og_image":[{"width":845,"height":562,"url":"https:\/\/villa-solta.com\/wp-content\/uploads\/2015\/05\/solta_rogac.jpg","type":"image\/jpeg"}],"twitter_card":"summary_large_image","twitter_misc":{"Gesch\u00e4tzte Lesezeit":"2\u00a0Minuten"},"schema":{"@context":"https:\/\/schema.org","@graph":[{"@type":"WebPage","@id":"https:\/\/villa-solta.com\/de\/uber-solta-rogac\/","url":"https:\/\/villa-solta.com\/de\/uber-solta-rogac\/","name":"\u00dcber Solta \/ Rogac - Villa \u0161olta","isPartOf":{"@id":"https:\/\/villa-solta.com\/#website"},"primaryImageOfPage":{"@id":"https:\/\/villa-solta.com\/de\/uber-solta-rogac\/#primaryimage"},"image":{"@id":"https:\/\/villa-solta.com\/de\/uber-solta-rogac\/#primaryimage"},"thumbnailUrl":"https:\/\/villa-solta.com\/wp-content\/uploads\/2015\/05\/solta_rogac.jpg","datePublished":"2015-05-26T10:21:54+00:00","dateModified":"2018-03-28T12:48:56+00:00","breadcrumb":{"@id":"https:\/\/villa-solta.com\/de\/uber-solta-rogac\/#breadcrumb"},"inLanguage":"de","potentialAction":[{"@type":"ReadAction","target":["https:\/\/villa-solta.com\/de\/uber-solta-rogac\/"]}]},{"@type":"ImageObject","inLanguage":"de","@id":"https:\/\/villa-solta.com\/de\/uber-solta-rogac\/#primaryimage","url":"https:\/\/villa-solta.com\/wp-content\/uploads\/2015\/05\/solta_rogac.jpg","contentUrl":"https:\/\/villa-solta.com\/wp-content\/uploads\/2015\/05\/solta_rogac.jpg","width":845,"height":562},{"@type":"BreadcrumbList","@id":"https:\/\/villa-solta.com\/de\/uber-solta-rogac\/#breadcrumb","itemListElement":[{"@type":"ListItem","position":1,"name":"Home","item":"https:\/\/villa-solta.com\/"},{"@type":"ListItem","position":2,"name":"\u00dcber Solta \/ Rogac"}]},{"@type":"WebSite","@id":"https:\/\/villa-solta.com\/#website","url":"https:\/\/villa-solta.com\/","name":"Villa \u0161olta","description":"Villa \u0160olta on Island \u0160olta","potentialAction":[{"@type":"SearchAction","target":{"@type":"EntryPoint","urlTemplate":"https:\/\/villa-solta.com\/?s={search_term_string}"},"query-input":{"@type":"PropertyValueSpecification","valueRequired":true,"valueName":"search_term_string"}}],"inLanguage":"de"}]}},"_links":{"self":[{"href":"https:\/\/villa-solta.com\/de\/wp-json\/wp\/v2\/pages\/355\/"}],"collection":[{"href":"https:\/\/villa-solta.com\/de\/wp-json\/wp\/v2\/pages\/"}],"about":[{"href":"https:\/\/villa-solta.com\/de\/wp-json\/wp\/v2\/types\/page\/"}],"author":[{"embeddable":true,"href":"https:\/\/villa-solta.com\/de\/wp-json\/wp\/v2\/users\/1\/"}],"replies":[{"embeddable":true,"href":"https:\/\/villa-solta.com\/de\/wp-json\/wp\/v2\/comments\/?post=355"}],"version-history":[{"count":4,"href":"https:\/\/villa-solta.com\/de\/wp-json\/wp\/v2\/pages\/355\/revisions\/"}],"predecessor-version":[{"id":789,"href":"https:\/\/villa-solta.com\/de\/wp-json\/wp\/v2\/pages\/355\/revisions\/789\/"}],"wp:featuredmedia":[{"embeddable":true,"href":"https:\/\/villa-solta.com\/de\/wp-json\/wp\/v2\/media\/351\/"}],"wp:attachment":[{"href":"https:\/\/villa-solta.com\/de\/wp-json\/wp\/v2\/media\/?parent=355"}],"curies":[{"name":"wp","href":"https:\/\/api.w.org\/{rel}","templated":true}]}}