{"id":370,"date":"2015-05-26T10:34:05","date_gmt":"2015-05-26T10:34:05","guid":{"rendered":"https:\/\/villa-solta.com\/pricelist-2\/"},"modified":"2026-01-19T18:25:56","modified_gmt":"2026-01-19T16:25:56","slug":"preisliste","status":"publish","type":"page","link":"https:\/\/villa-solta.com\/de\/preisliste\/","title":{"rendered":"Preisliste"},"content":{"rendered":"<table class=\" aligncenter\" style=\"height: 276px;\" width=\"100%\">\n<tbody>\n<tr>\n<td><\/td>\n<td style=\"text-align: center;\">01.07. &#8211; 31.08.<\/td>\n<td style=\"text-align: center;\">Andere Monate im Jahr<\/td>\n<\/tr>\n<tr>\n<td style=\"text-align: center;\">Apartement\u00a0(A4)<br \/>\n(4 personen)<\/td>\n<td style=\"text-align: center;\">140 EUR<\/td>\n<td style=\"text-align: center;\">120 EUR<\/td>\n<\/tr>\n<tr>\n<td style=\"text-align: center;\">Doppelzimmer (2+0)<br \/>\n(2 personen)<\/td>\n<td style=\"text-align: center;\">88 EUR<\/td>\n<td style=\"text-align: center;\">78 EUR<\/td>\n<\/tr>\n<tr>\n<td style=\"text-align: center;\"><\/td>\n<td style=\"text-align: center;\"><\/td>\n<td style=\"text-align: center;\"><\/td>\n<\/tr>\n<tr>\n<td style=\"text-align: center;\">Fr\u00fchst\u00fcck<br \/>\n(1 persone)<\/td>\n<td style=\"text-align: center;\">12 EUR<\/td>\n<td style=\"text-align: center;\">\u00a012 EUR<\/td>\n<\/tr>\n<\/tbody>\n<\/table>\n<p>&nbsp;<\/p>\n<ul>\n<li>Die Kurtaxe ist im Preis inbegriffen.<\/li>\n<li>Im Preis ist t\u00e4gliche Zimmerreinigung, Handt\u00fccherwechsel, sowie das Parkplatzgeb\u00fchr inbegriffen.<\/li>\n<\/ul>\n<p>&nbsp;<\/p>\n<p><strong>BANKKONTO<\/strong><\/p>\n<p><strong>Die Reservierung ist mit der Anzahlung von 30% des Betrages zu best\u00e4tigen.<\/strong><\/p>\n<ul>\n<li>Zorica Bezi\u0107<\/li>\n<li>Dolac 9, Roga\u010d, 21430 Grohote, \u0160olta<\/li>\n<li>Privredna banka Zagreb<\/li>\n<li>Bank OIB: 02535697732<\/li>\n<li>Poslovnica 187 Brodarica, Put Brodarice 6, Split<\/li>\n<li>IBAN: HR42 2340 0093 1121 8637 0<\/li>\n<li>SWIFT: PBZGHR2X<\/li>\n<\/ul>\n<p>&nbsp;<\/p>\n","protected":false},"excerpt":{"rendered":"<p>01.07. &#8211; 31.08. Andere Monate im Jahr Apartement\u00a0(A4) (4 personen) 140 EUR 120 EUR Doppelzimmer (2+0) (2 personen) 88 EUR 78 EUR Fr\u00fchst\u00fcck (1 persone) 12 EUR \u00a012 EUR &nbsp; Die Kurtaxe ist im Preis inbegriffen. Im Preis ist t\u00e4gliche Zimmerreinigung, Handt\u00fccherwechsel, sowie das Parkplatzgeb\u00fchr inbegriffen. &nbsp; BANKKONTO Die Reservierung ist mit der Anzahlung von [&hellip;]<\/p>\n","protected":false},"author":1,"featured_media":0,"parent":0,"menu_order":0,"comment_status":"open","ping_status":"open","template":"","meta":{"footnotes":""},"class_list":["post-370","page","type-page","status-publish","hentry"],"yoast_head":"<!-- This site is optimized with the Yoast SEO plugin v27.4 - https:\/\/yoast.com\/product\/yoast-seo-wordpress\/ -->\n<title>Preisliste<\/title>\n<meta name=\"description\" content=\"Preisliste\" \/>\n<meta name=\"robots\" content=\"index, follow, max-snippet:-1, max-image-preview:large, max-video-preview:-1\" \/>\n<link rel=\"canonical\" href=\"https:\/\/villa-solta.com\/de\/preisliste\/\" \/>\n<meta property=\"og:locale\" content=\"de_DE\" \/>\n<meta property=\"og:type\" content=\"article\" \/>\n<meta property=\"og:title\" content=\"Preisliste\" \/>\n<meta property=\"og:description\" content=\"Preisliste\" \/>\n<meta property=\"og:url\" content=\"https:\/\/villa-solta.com\/de\/preisliste\/\" \/>\n<meta property=\"og:site_name\" content=\"Villa \u0161olta\" \/>\n<meta property=\"article:modified_time\" content=\"2026-01-19T16:25:56+00:00\" \/>\n<meta name=\"twitter:card\" content=\"summary_large_image\" \/>\n<meta name=\"twitter:label1\" content=\"Gesch\u00e4tzte Lesezeit\" \/>\n\t<meta name=\"twitter:data1\" content=\"1\u00a0Minute\" \/>\n<script type=\"application\/ld+json\" class=\"yoast-schema-graph\">{\"@context\":\"https:\\\/\\\/schema.org\",\"@graph\":[{\"@type\":\"WebPage\",\"@id\":\"https:\\\/\\\/villa-solta.com\\\/de\\\/preisliste\\\/\",\"url\":\"https:\\\/\\\/villa-solta.com\\\/de\\\/preisliste\\\/\",\"name\":\"Preisliste\",\"isPartOf\":{\"@id\":\"https:\\\/\\\/villa-solta.com\\\/#website\"},\"datePublished\":\"2015-05-26T10:34:05+00:00\",\"dateModified\":\"2026-01-19T16:25:56+00:00\",\"description\":\"Preisliste\",\"breadcrumb\":{\"@id\":\"https:\\\/\\\/villa-solta.com\\\/de\\\/preisliste\\\/#breadcrumb\"},\"inLanguage\":\"de\",\"potentialAction\":[{\"@type\":\"ReadAction\",\"target\":[\"https:\\\/\\\/villa-solta.com\\\/de\\\/preisliste\\\/\"]}]},{\"@type\":\"BreadcrumbList\",\"@id\":\"https:\\\/\\\/villa-solta.com\\\/de\\\/preisliste\\\/#breadcrumb\",\"itemListElement\":[{\"@type\":\"ListItem\",\"position\":1,\"name\":\"Home\",\"item\":\"https:\\\/\\\/villa-solta.com\\\/\"},{\"@type\":\"ListItem\",\"position\":2,\"name\":\"Preisliste\"}]},{\"@type\":\"WebSite\",\"@id\":\"https:\\\/\\\/villa-solta.com\\\/#website\",\"url\":\"https:\\\/\\\/villa-solta.com\\\/\",\"name\":\"Villa \u0161olta\",\"description\":\"Villa \u0160olta on Island \u0160olta\",\"potentialAction\":[{\"@type\":\"SearchAction\",\"target\":{\"@type\":\"EntryPoint\",\"urlTemplate\":\"https:\\\/\\\/villa-solta.com\\\/?s={search_term_string}\"},\"query-input\":{\"@type\":\"PropertyValueSpecification\",\"valueRequired\":true,\"valueName\":\"search_term_string\"}}],\"inLanguage\":\"de\"}]}<\/script>\n<!-- \/ Yoast SEO plugin. -->","yoast_head_json":{"title":"Preisliste","description":"Preisliste","robots":{"index":"index","follow":"follow","max-snippet":"max-snippet:-1","max-image-preview":"max-image-preview:large","max-video-preview":"max-video-preview:-1"},"canonical":"https:\/\/villa-solta.com\/de\/preisliste\/","og_locale":"de_DE","og_type":"article","og_title":"Preisliste","og_description":"Preisliste","og_url":"https:\/\/villa-solta.com\/de\/preisliste\/","og_site_name":"Villa \u0161olta","article_modified_time":"2026-01-19T16:25:56+00:00","twitter_card":"summary_large_image","twitter_misc":{"Gesch\u00e4tzte Lesezeit":"1\u00a0Minute"},"schema":{"@context":"https:\/\/schema.org","@graph":[{"@type":"WebPage","@id":"https:\/\/villa-solta.com\/de\/preisliste\/","url":"https:\/\/villa-solta.com\/de\/preisliste\/","name":"Preisliste","isPartOf":{"@id":"https:\/\/villa-solta.com\/#website"},"datePublished":"2015-05-26T10:34:05+00:00","dateModified":"2026-01-19T16:25:56+00:00","description":"Preisliste","breadcrumb":{"@id":"https:\/\/villa-solta.com\/de\/preisliste\/#breadcrumb"},"inLanguage":"de","potentialAction":[{"@type":"ReadAction","target":["https:\/\/villa-solta.com\/de\/preisliste\/"]}]},{"@type":"BreadcrumbList","@id":"https:\/\/villa-solta.com\/de\/preisliste\/#breadcrumb","itemListElement":[{"@type":"ListItem","position":1,"name":"Home","item":"https:\/\/villa-solta.com\/"},{"@type":"ListItem","position":2,"name":"Preisliste"}]},{"@type":"WebSite","@id":"https:\/\/villa-solta.com\/#website","url":"https:\/\/villa-solta.com\/","name":"Villa \u0161olta","description":"Villa \u0160olta on Island \u0160olta","potentialAction":[{"@type":"SearchAction","target":{"@type":"EntryPoint","urlTemplate":"https:\/\/villa-solta.com\/?s={search_term_string}"},"query-input":{"@type":"PropertyValueSpecification","valueRequired":true,"valueName":"search_term_string"}}],"inLanguage":"de"}]}},"_links":{"self":[{"href":"https:\/\/villa-solta.com\/de\/wp-json\/wp\/v2\/pages\/370\/"}],"collection":[{"href":"https:\/\/villa-solta.com\/de\/wp-json\/wp\/v2\/pages\/"}],"about":[{"href":"https:\/\/villa-solta.com\/de\/wp-json\/wp\/v2\/types\/page\/"}],"author":[{"embeddable":true,"href":"https:\/\/villa-solta.com\/de\/wp-json\/wp\/v2\/users\/1\/"}],"replies":[{"embeddable":true,"href":"https:\/\/villa-solta.com\/de\/wp-json\/wp\/v2\/comments\/?post=370"}],"version-history":[{"count":25,"href":"https:\/\/villa-solta.com\/de\/wp-json\/wp\/v2\/pages\/370\/revisions\/"}],"predecessor-version":[{"id":1835,"href":"https:\/\/villa-solta.com\/de\/wp-json\/wp\/v2\/pages\/370\/revisions\/1835\/"}],"wp:attachment":[{"href":"https:\/\/villa-solta.com\/de\/wp-json\/wp\/v2\/media\/?parent=370"}],"curies":[{"name":"wp","href":"https:\/\/api.w.org\/{rel}","templated":true}]}}