{"id":450,"date":"2015-05-21T09:41:25","date_gmt":"2015-05-21T09:41:25","guid":{"rendered":"https:\/\/villa-solta.com\/poll-2\/"},"modified":"2024-02-08T10:10:59","modified_gmt":"2024-02-08T08:10:59","slug":"schwimmbad","status":"publish","type":"page","link":"https:\/\/villa-solta.com\/de\/schwimmbad\/","title":{"rendered":"Schwimmbad"},"content":{"rendered":"\n\n    <div class='gallery lightbox clr '>\n    <div class=\"row\"><div class='col-xs-6 col-md-3 col-lg-3 gallery-item'> <a href='https:\/\/villa-solta.com\/wp-content\/uploads\/2024\/02\/20230620_13313029894-1024x1024.jpg' rel='gallery' title=''> <img src='https:\/\/villa-solta.com\/wp-content\/uploads\/2024\/02\/20230620_13313029894-150x150.jpg' alt='' class='img-responsive' ><\/a><\/div><div class='col-xs-6 col-md-3 col-lg-3 gallery-item'> <a href='https:\/\/villa-solta.com\/wp-content\/uploads\/2024\/02\/20230620_13320829972-1024x1024.jpg' rel='gallery' title=''> <img src='https:\/\/villa-solta.com\/wp-content\/uploads\/2024\/02\/20230620_13320829972-150x150.jpg' alt='' class='img-responsive' ><\/a><\/div><div class='col-xs-6 col-md-3 col-lg-3 gallery-item'> <a href='https:\/\/villa-solta.com\/wp-content\/uploads\/2024\/02\/20230620_133248-1024x1024.jpg' rel='gallery' title=''> <img src='https:\/\/villa-solta.com\/wp-content\/uploads\/2024\/02\/20230620_133248-150x150.jpg' alt='' class='img-responsive' ><\/a><\/div><div class='col-xs-6 col-md-3 col-lg-3 gallery-item'> <a href='https:\/\/villa-solta.com\/wp-content\/uploads\/2024\/02\/20230629_10125529951-1024x1024.jpg' rel='gallery' title=''> <img src='https:\/\/villa-solta.com\/wp-content\/uploads\/2024\/02\/20230629_10125529951-150x150.jpg' alt='' class='img-responsive' ><\/a><\/div><\/div>\n    <\/div>\n\n","protected":false},"excerpt":{"rendered":"<p>Um unseren G\u00e4sten bessere und angenehmen Aufenthalt in unserem Angebot geh\u00f6ren ein Pool zu erm\u00f6glichen. Das Schwimmbad befindet sich in einer H\u00f6he, die einen Blick auf die Bucht und das Meer bietet. Mit einem traditionellen dalmatinischen Stein die eine Atmosph\u00e4re bietet, wie es in den Felsen gelegen beschichtet.<\/p>\n","protected":false},"author":1,"featured_media":1739,"parent":0,"menu_order":0,"comment_status":"open","ping_status":"open","template":"page-poll.php","meta":{"footnotes":""},"class_list":["post-450","page","type-page","status-publish","has-post-thumbnail","hentry","pages_categories-naslovnica-bazen-de"],"yoast_head":"<!-- This site is optimized with the Yoast SEO plugin v27.4 - https:\/\/yoast.com\/product\/yoast-seo-wordpress\/ -->\n<title>Schwimmbad<\/title>\n<meta name=\"description\" content=\"Um unseren G\u00e4sten bessere und angenehmen Aufenthalt in unserem Angebot geh\u00f6ren ein Pool zu erm\u00f6glichen.\" \/>\n<meta name=\"robots\" content=\"index, follow, max-snippet:-1, max-image-preview:large, max-video-preview:-1\" \/>\n<link rel=\"canonical\" href=\"https:\/\/villa-solta.com\/de\/schwimmbad\/\" \/>\n<meta property=\"og:locale\" content=\"de_DE\" \/>\n<meta property=\"og:type\" content=\"article\" \/>\n<meta property=\"og:title\" content=\"Schwimmbad\" \/>\n<meta property=\"og:description\" content=\"Um unseren G\u00e4sten bessere und angenehmen Aufenthalt in unserem Angebot geh\u00f6ren ein Pool zu erm\u00f6glichen.\" \/>\n<meta property=\"og:url\" content=\"https:\/\/villa-solta.com\/de\/schwimmbad\/\" \/>\n<meta property=\"og:site_name\" content=\"Villa \u0161olta\" \/>\n<meta property=\"article:modified_time\" content=\"2024-02-08T08:10:59+00:00\" \/>\n<meta property=\"og:image\" content=\"https:\/\/villa-solta.com\/wp-content\/uploads\/2024\/02\/pool1.jpg\" \/>\n\t<meta property=\"og:image:width\" content=\"1920\" \/>\n\t<meta property=\"og:image:height\" content=\"820\" \/>\n\t<meta property=\"og:image:type\" content=\"image\/jpeg\" \/>\n<meta name=\"twitter:card\" content=\"summary_large_image\" \/>\n<meta name=\"twitter:label1\" content=\"Gesch\u00e4tzte Lesezeit\" \/>\n\t<meta name=\"twitter:data1\" content=\"1\u00a0Minute\" \/>\n<script type=\"application\/ld+json\" class=\"yoast-schema-graph\">{\"@context\":\"https:\\\/\\\/schema.org\",\"@graph\":[{\"@type\":\"WebPage\",\"@id\":\"https:\\\/\\\/villa-solta.com\\\/de\\\/schwimmbad\\\/\",\"url\":\"https:\\\/\\\/villa-solta.com\\\/de\\\/schwimmbad\\\/\",\"name\":\"Schwimmbad\",\"isPartOf\":{\"@id\":\"https:\\\/\\\/villa-solta.com\\\/#website\"},\"primaryImageOfPage\":{\"@id\":\"https:\\\/\\\/villa-solta.com\\\/de\\\/schwimmbad\\\/#primaryimage\"},\"image\":{\"@id\":\"https:\\\/\\\/villa-solta.com\\\/de\\\/schwimmbad\\\/#primaryimage\"},\"thumbnailUrl\":\"https:\\\/\\\/villa-solta.com\\\/wp-content\\\/uploads\\\/2024\\\/02\\\/Frame-21.jpg\",\"datePublished\":\"2015-05-21T09:41:25+00:00\",\"dateModified\":\"2024-02-08T08:10:59+00:00\",\"description\":\"Um unseren G\u00e4sten bessere und angenehmen Aufenthalt in unserem Angebot geh\u00f6ren ein Pool zu erm\u00f6glichen.\",\"breadcrumb\":{\"@id\":\"https:\\\/\\\/villa-solta.com\\\/de\\\/schwimmbad\\\/#breadcrumb\"},\"inLanguage\":\"de\",\"potentialAction\":[{\"@type\":\"ReadAction\",\"target\":[\"https:\\\/\\\/villa-solta.com\\\/de\\\/schwimmbad\\\/\"]}]},{\"@type\":\"ImageObject\",\"inLanguage\":\"de\",\"@id\":\"https:\\\/\\\/villa-solta.com\\\/de\\\/schwimmbad\\\/#primaryimage\",\"url\":\"https:\\\/\\\/villa-solta.com\\\/wp-content\\\/uploads\\\/2024\\\/02\\\/Frame-21.jpg\",\"contentUrl\":\"https:\\\/\\\/villa-solta.com\\\/wp-content\\\/uploads\\\/2024\\\/02\\\/Frame-21.jpg\",\"width\":1000,\"height\":820},{\"@type\":\"BreadcrumbList\",\"@id\":\"https:\\\/\\\/villa-solta.com\\\/de\\\/schwimmbad\\\/#breadcrumb\",\"itemListElement\":[{\"@type\":\"ListItem\",\"position\":1,\"name\":\"Home\",\"item\":\"https:\\\/\\\/villa-solta.com\\\/\"},{\"@type\":\"ListItem\",\"position\":2,\"name\":\"Schwimmbad\"}]},{\"@type\":\"WebSite\",\"@id\":\"https:\\\/\\\/villa-solta.com\\\/#website\",\"url\":\"https:\\\/\\\/villa-solta.com\\\/\",\"name\":\"Villa \u0161olta\",\"description\":\"Villa \u0160olta on Island \u0160olta\",\"potentialAction\":[{\"@type\":\"SearchAction\",\"target\":{\"@type\":\"EntryPoint\",\"urlTemplate\":\"https:\\\/\\\/villa-solta.com\\\/?s={search_term_string}\"},\"query-input\":{\"@type\":\"PropertyValueSpecification\",\"valueRequired\":true,\"valueName\":\"search_term_string\"}}],\"inLanguage\":\"de\"}]}<\/script>\n<!-- \/ Yoast SEO plugin. -->","yoast_head_json":{"title":"Schwimmbad","description":"Um unseren G\u00e4sten bessere und angenehmen Aufenthalt in unserem Angebot geh\u00f6ren ein Pool zu erm\u00f6glichen.","robots":{"index":"index","follow":"follow","max-snippet":"max-snippet:-1","max-image-preview":"max-image-preview:large","max-video-preview":"max-video-preview:-1"},"canonical":"https:\/\/villa-solta.com\/de\/schwimmbad\/","og_locale":"de_DE","og_type":"article","og_title":"Schwimmbad","og_description":"Um unseren G\u00e4sten bessere und angenehmen Aufenthalt in unserem Angebot geh\u00f6ren ein Pool zu erm\u00f6glichen.","og_url":"https:\/\/villa-solta.com\/de\/schwimmbad\/","og_site_name":"Villa \u0161olta","article_modified_time":"2024-02-08T08:10:59+00:00","og_image":[{"width":1920,"height":820,"url":"https:\/\/villa-solta.com\/wp-content\/uploads\/2024\/02\/pool1.jpg","type":"image\/jpeg"}],"twitter_card":"summary_large_image","twitter_misc":{"Gesch\u00e4tzte Lesezeit":"1\u00a0Minute"},"schema":{"@context":"https:\/\/schema.org","@graph":[{"@type":"WebPage","@id":"https:\/\/villa-solta.com\/de\/schwimmbad\/","url":"https:\/\/villa-solta.com\/de\/schwimmbad\/","name":"Schwimmbad","isPartOf":{"@id":"https:\/\/villa-solta.com\/#website"},"primaryImageOfPage":{"@id":"https:\/\/villa-solta.com\/de\/schwimmbad\/#primaryimage"},"image":{"@id":"https:\/\/villa-solta.com\/de\/schwimmbad\/#primaryimage"},"thumbnailUrl":"https:\/\/villa-solta.com\/wp-content\/uploads\/2024\/02\/Frame-21.jpg","datePublished":"2015-05-21T09:41:25+00:00","dateModified":"2024-02-08T08:10:59+00:00","description":"Um unseren G\u00e4sten bessere und angenehmen Aufenthalt in unserem Angebot geh\u00f6ren ein Pool zu erm\u00f6glichen.","breadcrumb":{"@id":"https:\/\/villa-solta.com\/de\/schwimmbad\/#breadcrumb"},"inLanguage":"de","potentialAction":[{"@type":"ReadAction","target":["https:\/\/villa-solta.com\/de\/schwimmbad\/"]}]},{"@type":"ImageObject","inLanguage":"de","@id":"https:\/\/villa-solta.com\/de\/schwimmbad\/#primaryimage","url":"https:\/\/villa-solta.com\/wp-content\/uploads\/2024\/02\/Frame-21.jpg","contentUrl":"https:\/\/villa-solta.com\/wp-content\/uploads\/2024\/02\/Frame-21.jpg","width":1000,"height":820},{"@type":"BreadcrumbList","@id":"https:\/\/villa-solta.com\/de\/schwimmbad\/#breadcrumb","itemListElement":[{"@type":"ListItem","position":1,"name":"Home","item":"https:\/\/villa-solta.com\/"},{"@type":"ListItem","position":2,"name":"Schwimmbad"}]},{"@type":"WebSite","@id":"https:\/\/villa-solta.com\/#website","url":"https:\/\/villa-solta.com\/","name":"Villa \u0161olta","description":"Villa \u0160olta on Island \u0160olta","potentialAction":[{"@type":"SearchAction","target":{"@type":"EntryPoint","urlTemplate":"https:\/\/villa-solta.com\/?s={search_term_string}"},"query-input":{"@type":"PropertyValueSpecification","valueRequired":true,"valueName":"search_term_string"}}],"inLanguage":"de"}]}},"_links":{"self":[{"href":"https:\/\/villa-solta.com\/de\/wp-json\/wp\/v2\/pages\/450\/"}],"collection":[{"href":"https:\/\/villa-solta.com\/de\/wp-json\/wp\/v2\/pages\/"}],"about":[{"href":"https:\/\/villa-solta.com\/de\/wp-json\/wp\/v2\/types\/page\/"}],"author":[{"embeddable":true,"href":"https:\/\/villa-solta.com\/de\/wp-json\/wp\/v2\/users\/1\/"}],"replies":[{"embeddable":true,"href":"https:\/\/villa-solta.com\/de\/wp-json\/wp\/v2\/comments\/?post=450"}],"version-history":[{"count":9,"href":"https:\/\/villa-solta.com\/de\/wp-json\/wp\/v2\/pages\/450\/revisions\/"}],"predecessor-version":[{"id":1735,"href":"https:\/\/villa-solta.com\/de\/wp-json\/wp\/v2\/pages\/450\/revisions\/1735\/"}],"wp:featuredmedia":[{"embeddable":true,"href":"https:\/\/villa-solta.com\/de\/wp-json\/wp\/v2\/media\/1739\/"}],"wp:attachment":[{"href":"https:\/\/villa-solta.com\/de\/wp-json\/wp\/v2\/media\/?parent=450"}],"curies":[{"name":"wp","href":"https:\/\/api.w.org\/{rel}","templated":true}]}}