{"id":190,"date":"2015-05-20T15:01:38","date_gmt":"2015-05-20T15:01:38","guid":{"rendered":"https:\/\/villa-solta.com\/accommodation-2\/"},"modified":"2024-06-07T13:43:52","modified_gmt":"2024-06-07T11:43:52","slug":"smjestaj","status":"publish","type":"page","link":"https:\/\/villa-solta.com\/hr\/smjestaj\/","title":{"rendered":"Smje\u0161taj"},"content":{"rendered":"<p><strong>Svaka od pet dvokrevetnih soba Ville \u0160olta kao i dvosobni apartman, raspola\u017eu svime \u0161to Vam je potrebno za bezbri\u017ean i opu\u0161taju\u0107i odmor. Ovdje nudimo smje\u0161taj u prirodnom okru\u017eenju sa pogledom na uvalu i more, te 300 m od \u0161ljun\u010dane pla\u017ee. Za vru\u0107ih ljetnih mjeseci na raspolaganju Vam je i bazen. Sve smje\u0161tajne jedinice su klimatizirane i nude WiFi uslugu.<\/strong><\/p>\n","protected":false},"excerpt":{"rendered":"<p>Svaka od pet dvokrevetnih soba Ville \u0160olta kao i dvosobni apartman, raspola\u017eu svime \u0161to Vam je potrebno za bezbri\u017ean i opu\u0161taju\u0107i odmor. Ovdje nudimo smje\u0161taj u prirodnom okru\u017eenju sa pogledom na uvalu i more, te 300 m od \u0161ljun\u010dane pla\u017ee. Za vru\u0107ih ljetnih mjeseci na raspolaganju Vam je i bazen. Sve smje\u0161tajne jedinice su klimatizirane i nude WiFi uslugu.<\/p>\n","protected":false},"author":1,"featured_media":1742,"parent":0,"menu_order":0,"comment_status":"open","ping_status":"open","template":"page-accommodation.php","meta":{"footnotes":""},"class_list":["post-190","page","type-page","status-publish","has-post-thumbnail","hentry","pages_categories-naslovnica-smjestaj-hr"],"yoast_head":"<!-- This site is optimized with the Yoast SEO plugin v27.4 - https:\/\/yoast.com\/product\/yoast-seo-wordpress\/ -->\n<title>Smje\u0161taj<\/title>\n<meta name=\"description\" content=\"Sobe i apartmane Ville \u0160olta opremili smo luksuzno i moderno kako bi Vam pru\u017eili ugodan i opu\u0161taju\u0107i boravak. Ovdje nudimo smje\u0161taj za 21 osobu i garantiramo uslugu na visokom nivou.\" \/>\n<meta name=\"robots\" content=\"index, follow, max-snippet:-1, max-image-preview:large, max-video-preview:-1\" \/>\n<link rel=\"canonical\" href=\"https:\/\/villa-solta.com\/hr\/smjestaj\/\" \/>\n<meta property=\"og:locale\" content=\"hr_HR\" \/>\n<meta property=\"og:type\" content=\"article\" \/>\n<meta property=\"og:title\" content=\"Smje\u0161taj\" \/>\n<meta property=\"og:description\" content=\"Sobe i apartmane Ville \u0160olta opremili smo luksuzno i moderno kako bi Vam pru\u017eili ugodan i opu\u0161taju\u0107i boravak. Ovdje nudimo smje\u0161taj za 21 osobu i garantiramo uslugu na visokom nivou.\" \/>\n<meta property=\"og:url\" content=\"https:\/\/villa-solta.com\/hr\/smjestaj\/\" \/>\n<meta property=\"og:site_name\" content=\"Villa \u0161olta\" \/>\n<meta property=\"article:modified_time\" content=\"2024-06-07T11:43:52+00:00\" \/>\n<meta property=\"og:image\" content=\"https:\/\/villa-solta.com\/wp-content\/uploads\/2015\/05\/20230621_15515330142.jpg\" \/>\n\t<meta property=\"og:image:width\" content=\"2560\" \/>\n\t<meta property=\"og:image:height\" content=\"2560\" \/>\n\t<meta property=\"og:image:type\" content=\"image\/jpeg\" \/>\n<meta name=\"twitter:card\" content=\"summary_large_image\" \/>\n<meta name=\"twitter:label1\" content=\"Procijenjeno vrijeme \u010ditanja\" \/>\n\t<meta name=\"twitter:data1\" content=\"1 minuta\" \/>\n<script type=\"application\/ld+json\" class=\"yoast-schema-graph\">{\"@context\":\"https:\\\/\\\/schema.org\",\"@graph\":[{\"@type\":\"WebPage\",\"@id\":\"https:\\\/\\\/villa-solta.com\\\/hr\\\/smjestaj\\\/\",\"url\":\"https:\\\/\\\/villa-solta.com\\\/hr\\\/smjestaj\\\/\",\"name\":\"Smje\u0161taj\",\"isPartOf\":{\"@id\":\"https:\\\/\\\/villa-solta.com\\\/#website\"},\"primaryImageOfPage\":{\"@id\":\"https:\\\/\\\/villa-solta.com\\\/hr\\\/smjestaj\\\/#primaryimage\"},\"image\":{\"@id\":\"https:\\\/\\\/villa-solta.com\\\/hr\\\/smjestaj\\\/#primaryimage\"},\"thumbnailUrl\":\"https:\\\/\\\/villa-solta.com\\\/wp-content\\\/uploads\\\/2015\\\/05\\\/20230621_15515330142.jpg\",\"datePublished\":\"2015-05-20T15:01:38+00:00\",\"dateModified\":\"2024-06-07T11:43:52+00:00\",\"description\":\"Sobe i apartmane Ville \u0160olta opremili smo luksuzno i moderno kako bi Vam pru\u017eili ugodan i opu\u0161taju\u0107i boravak. Ovdje nudimo smje\u0161taj za 21 osobu i garantiramo uslugu na visokom nivou.\",\"breadcrumb\":{\"@id\":\"https:\\\/\\\/villa-solta.com\\\/hr\\\/smjestaj\\\/#breadcrumb\"},\"inLanguage\":\"hr\",\"potentialAction\":[{\"@type\":\"ReadAction\",\"target\":[\"https:\\\/\\\/villa-solta.com\\\/hr\\\/smjestaj\\\/\"]}]},{\"@type\":\"ImageObject\",\"inLanguage\":\"hr\",\"@id\":\"https:\\\/\\\/villa-solta.com\\\/hr\\\/smjestaj\\\/#primaryimage\",\"url\":\"https:\\\/\\\/villa-solta.com\\\/wp-content\\\/uploads\\\/2015\\\/05\\\/20230621_15515330142.jpg\",\"contentUrl\":\"https:\\\/\\\/villa-solta.com\\\/wp-content\\\/uploads\\\/2015\\\/05\\\/20230621_15515330142.jpg\",\"width\":2560,\"height\":2560},{\"@type\":\"BreadcrumbList\",\"@id\":\"https:\\\/\\\/villa-solta.com\\\/hr\\\/smjestaj\\\/#breadcrumb\",\"itemListElement\":[{\"@type\":\"ListItem\",\"position\":1,\"name\":\"Home\",\"item\":\"https:\\\/\\\/villa-solta.com\\\/\"},{\"@type\":\"ListItem\",\"position\":2,\"name\":\"Smje\u0161taj\"}]},{\"@type\":\"WebSite\",\"@id\":\"https:\\\/\\\/villa-solta.com\\\/#website\",\"url\":\"https:\\\/\\\/villa-solta.com\\\/\",\"name\":\"Villa \u0161olta\",\"description\":\"Villa \u0160olta on Island \u0160olta\",\"potentialAction\":[{\"@type\":\"SearchAction\",\"target\":{\"@type\":\"EntryPoint\",\"urlTemplate\":\"https:\\\/\\\/villa-solta.com\\\/?s={search_term_string}\"},\"query-input\":{\"@type\":\"PropertyValueSpecification\",\"valueRequired\":true,\"valueName\":\"search_term_string\"}}],\"inLanguage\":\"hr\"}]}<\/script>\n<!-- \/ Yoast SEO plugin. -->","yoast_head_json":{"title":"Smje\u0161taj","description":"Sobe i apartmane Ville \u0160olta opremili smo luksuzno i moderno kako bi Vam pru\u017eili ugodan i opu\u0161taju\u0107i boravak. Ovdje nudimo smje\u0161taj za 21 osobu i garantiramo uslugu na visokom nivou.","robots":{"index":"index","follow":"follow","max-snippet":"max-snippet:-1","max-image-preview":"max-image-preview:large","max-video-preview":"max-video-preview:-1"},"canonical":"https:\/\/villa-solta.com\/hr\/smjestaj\/","og_locale":"hr_HR","og_type":"article","og_title":"Smje\u0161taj","og_description":"Sobe i apartmane Ville \u0160olta opremili smo luksuzno i moderno kako bi Vam pru\u017eili ugodan i opu\u0161taju\u0107i boravak. Ovdje nudimo smje\u0161taj za 21 osobu i garantiramo uslugu na visokom nivou.","og_url":"https:\/\/villa-solta.com\/hr\/smjestaj\/","og_site_name":"Villa \u0161olta","article_modified_time":"2024-06-07T11:43:52+00:00","og_image":[{"width":2560,"height":2560,"url":"https:\/\/villa-solta.com\/wp-content\/uploads\/2015\/05\/20230621_15515330142.jpg","type":"image\/jpeg"}],"twitter_card":"summary_large_image","twitter_misc":{"Procijenjeno vrijeme \u010ditanja":"1 minuta"},"schema":{"@context":"https:\/\/schema.org","@graph":[{"@type":"WebPage","@id":"https:\/\/villa-solta.com\/hr\/smjestaj\/","url":"https:\/\/villa-solta.com\/hr\/smjestaj\/","name":"Smje\u0161taj","isPartOf":{"@id":"https:\/\/villa-solta.com\/#website"},"primaryImageOfPage":{"@id":"https:\/\/villa-solta.com\/hr\/smjestaj\/#primaryimage"},"image":{"@id":"https:\/\/villa-solta.com\/hr\/smjestaj\/#primaryimage"},"thumbnailUrl":"https:\/\/villa-solta.com\/wp-content\/uploads\/2015\/05\/20230621_15515330142.jpg","datePublished":"2015-05-20T15:01:38+00:00","dateModified":"2024-06-07T11:43:52+00:00","description":"Sobe i apartmane Ville \u0160olta opremili smo luksuzno i moderno kako bi Vam pru\u017eili ugodan i opu\u0161taju\u0107i boravak. Ovdje nudimo smje\u0161taj za 21 osobu i garantiramo uslugu na visokom nivou.","breadcrumb":{"@id":"https:\/\/villa-solta.com\/hr\/smjestaj\/#breadcrumb"},"inLanguage":"hr","potentialAction":[{"@type":"ReadAction","target":["https:\/\/villa-solta.com\/hr\/smjestaj\/"]}]},{"@type":"ImageObject","inLanguage":"hr","@id":"https:\/\/villa-solta.com\/hr\/smjestaj\/#primaryimage","url":"https:\/\/villa-solta.com\/wp-content\/uploads\/2015\/05\/20230621_15515330142.jpg","contentUrl":"https:\/\/villa-solta.com\/wp-content\/uploads\/2015\/05\/20230621_15515330142.jpg","width":2560,"height":2560},{"@type":"BreadcrumbList","@id":"https:\/\/villa-solta.com\/hr\/smjestaj\/#breadcrumb","itemListElement":[{"@type":"ListItem","position":1,"name":"Home","item":"https:\/\/villa-solta.com\/"},{"@type":"ListItem","position":2,"name":"Smje\u0161taj"}]},{"@type":"WebSite","@id":"https:\/\/villa-solta.com\/#website","url":"https:\/\/villa-solta.com\/","name":"Villa \u0161olta","description":"Villa \u0160olta on Island \u0160olta","potentialAction":[{"@type":"SearchAction","target":{"@type":"EntryPoint","urlTemplate":"https:\/\/villa-solta.com\/?s={search_term_string}"},"query-input":{"@type":"PropertyValueSpecification","valueRequired":true,"valueName":"search_term_string"}}],"inLanguage":"hr"}]}},"_links":{"self":[{"href":"https:\/\/villa-solta.com\/hr\/wp-json\/wp\/v2\/pages\/190\/"}],"collection":[{"href":"https:\/\/villa-solta.com\/hr\/wp-json\/wp\/v2\/pages\/"}],"about":[{"href":"https:\/\/villa-solta.com\/hr\/wp-json\/wp\/v2\/types\/page\/"}],"author":[{"embeddable":true,"href":"https:\/\/villa-solta.com\/hr\/wp-json\/wp\/v2\/users\/1\/"}],"replies":[{"embeddable":true,"href":"https:\/\/villa-solta.com\/hr\/wp-json\/wp\/v2\/comments\/?post=190"}],"version-history":[{"count":14,"href":"https:\/\/villa-solta.com\/hr\/wp-json\/wp\/v2\/pages\/190\/revisions\/"}],"predecessor-version":[{"id":1819,"href":"https:\/\/villa-solta.com\/hr\/wp-json\/wp\/v2\/pages\/190\/revisions\/1819\/"}],"wp:featuredmedia":[{"embeddable":true,"href":"https:\/\/villa-solta.com\/hr\/wp-json\/wp\/v2\/media\/1742\/"}],"wp:attachment":[{"href":"https:\/\/villa-solta.com\/hr\/wp-json\/wp\/v2\/media\/?parent=190"}],"curies":[{"name":"wp","href":"https:\/\/api.w.org\/{rel}","templated":true}]}}