{"id":357,"date":"2015-05-26T10:21:54","date_gmt":"2015-05-26T10:21:54","guid":{"rendered":"https:\/\/villa-solta.com\/about-soltarogac-2\/"},"modified":"2018-03-15T15:47:41","modified_gmt":"2018-03-15T13:47:41","slug":"o-soltarogac","status":"publish","type":"page","link":"https:\/\/villa-solta.com\/hr\/o-soltarogac\/","title":{"rendered":"O \u0160olti \/ Roga\u010du"},"content":{"rendered":"\n\n    <div class='gallery lightbox clr '>\n    <div class=\"row\"><div class='col-xs-6 col-md-3 col-lg-3 gallery-item'> <a href='https:\/\/villa-solta.com\/wp-content\/uploads\/2015\/05\/solta_rogac.jpg' rel='gallery' title=''> <img src='https:\/\/villa-solta.com\/wp-content\/uploads\/2015\/05\/solta_rogac-150x150.jpg' alt='' class='img-responsive' ><\/a><\/div><div class='col-xs-6 col-md-3 col-lg-3 gallery-item'> <a href='https:\/\/villa-solta.com\/wp-content\/uploads\/2015\/05\/solta_rogac1.jpg' rel='gallery' title=''> <img src='https:\/\/villa-solta.com\/wp-content\/uploads\/2015\/05\/solta_rogac1-150x150.jpg' alt='' class='img-responsive' ><\/a><\/div><div class='col-xs-6 col-md-3 col-lg-3 gallery-item'> <a href='https:\/\/villa-solta.com\/wp-content\/uploads\/2015\/05\/solta_rogac2.jpg' rel='gallery' title=''> <img src='https:\/\/villa-solta.com\/wp-content\/uploads\/2015\/05\/solta_rogac2-150x150.jpg' alt='' class='img-responsive' ><\/a><\/div><div class='col-xs-6 col-md-3 col-lg-3 gallery-item'> <a href='https:\/\/villa-solta.com\/wp-content\/uploads\/2015\/05\/solta_rogac4.jpg' rel='gallery' title=''> <img src='https:\/\/villa-solta.com\/wp-content\/uploads\/2015\/05\/solta_rogac4-150x150.jpg' alt='' class='img-responsive' ><\/a><\/div><div class='col-xs-6 col-md-3 col-lg-3 gallery-item'> <a href='https:\/\/villa-solta.com\/wp-content\/uploads\/2015\/05\/solta_rogac5.jpg' rel='gallery' title=''> <img src='https:\/\/villa-solta.com\/wp-content\/uploads\/2015\/05\/solta_rogac5-150x150.jpg' alt='' class='img-responsive' ><\/a><\/div><div class='col-xs-6 col-md-3 col-lg-3 gallery-item'> <a href='https:\/\/villa-solta.com\/wp-content\/uploads\/2015\/05\/solta_rogac7.jpg' rel='gallery' title=''> <img src='https:\/\/villa-solta.com\/wp-content\/uploads\/2015\/05\/solta_rogac7-150x150.jpg' alt='' class='img-responsive' ><\/a><\/div><div class='col-xs-6 col-md-3 col-lg-3 gallery-item'> <a href='https:\/\/villa-solta.com\/wp-content\/uploads\/2015\/05\/solta_rogac8.jpg' rel='gallery' title=''> <img src='https:\/\/villa-solta.com\/wp-content\/uploads\/2015\/05\/solta_rogac8-150x150.jpg' alt='' class='img-responsive' ><\/a><\/div><div class='col-xs-6 col-md-3 col-lg-3 gallery-item'> <a href='https:\/\/villa-solta.com\/wp-content\/uploads\/2015\/05\/solta_rogac9.jpg' rel='gallery' title=''> <img src='https:\/\/villa-solta.com\/wp-content\/uploads\/2015\/05\/solta_rogac9-150x150.jpg' alt='' class='img-responsive' ><\/a><\/div><div class='col-xs-6 col-md-3 col-lg-3 gallery-item'> <a href='https:\/\/villa-solta.com\/wp-content\/uploads\/2015\/05\/solta_rogac10.jpg' rel='gallery' title=''> <img src='https:\/\/villa-solta.com\/wp-content\/uploads\/2015\/05\/solta_rogac10-150x150.jpg' alt='' class='img-responsive' ><\/a><\/div><div class='col-xs-6 col-md-3 col-lg-3 gallery-item'> <a href='https:\/\/villa-solta.com\/wp-content\/uploads\/2015\/05\/solta_rogac11.jpg' rel='gallery' title=''> <img src='https:\/\/villa-solta.com\/wp-content\/uploads\/2015\/05\/solta_rogac11-150x150.jpg' alt='' class='img-responsive' ><\/a><\/div><div class='col-xs-6 col-md-3 col-lg-3 gallery-item'> <a href='https:\/\/villa-solta.com\/wp-content\/uploads\/2015\/05\/solta_rogac12.jpg' rel='gallery' title=''> <img src='https:\/\/villa-solta.com\/wp-content\/uploads\/2015\/05\/solta_rogac12-150x150.jpg' alt='' class='img-responsive' ><\/a><\/div><div class='col-xs-6 col-md-3 col-lg-3 gallery-item'> <a href='https:\/\/villa-solta.com\/wp-content\/uploads\/2015\/05\/solta_rogac13.jpg' rel='gallery' title=''> <img src='https:\/\/villa-solta.com\/wp-content\/uploads\/2015\/05\/solta_rogac13-150x150.jpg' alt='' class='img-responsive' ><\/a><\/div><\/div>\n    <\/div>\n\n<p>&nbsp;<\/p>\n<p>&nbsp;<\/p>\n<p><strong>\u0160olta<\/strong><\/p>\n<p>\u0160olta je oduvjek bila otok ribara i te\u017eaka, vinograda i maslina, a danas je \u0161krinja koja \u010duva sje\u0107anja na Mediteran kakav je nekada bio. \u0160etnja starim kamenim ulicicama vra\u0107a desetlje\u0107ima u pro\u0161lost. Tu se jo\u0161 po dvorovima su\u0161e smokve, a po konobama opija miris dobrog doma\u0107eg vina nadaleko poznate Dobri\u010di\u0107 loze.<\/p>\n<p>Rijetki su oni koji mogu odoljeti ovim mirisima i okusima, netaknutoj prirodi i ljekovitoj zdravoj klimi. Znali su to i rimski car Dioklecijan i ilirska kraljica Teuta, a \u0160oltu kao inspiraciju nisu zaobisli ni najveci hrvatski pjesnici Marko Maruli\u0107 i Petar Hektorovi\u0107. Istu takvu \u0160oltu imamo priliku i danas gledati. Tu se pred kominom uz gradele i vino pjevaju dalmatinske pjesme, a no\u0107nu ti\u0161inu tek povremeno prekine tajanstveno glasanje ptice \u0107uvite koja je i za\u0161titni znak \u0160olte, ali i naj\u010de\u0161\u0107i suvenir s otoka.<\/p>\n<p>\u0160olta je otok srednje veli\u010dine sa obalnom du\u017einom od 70 km sa brojnim uvalama i 7 oto\u010di\u0107a na zapadnoj strani. Na otoku se nalazi 8 naselja (Stomorska, Gornje Selo, Ne\u010dujam, Grohote, Roga\u010d, Srednje Selo, Donje Selo i Maslinica), a sveukupno broji oko 1500 stanovnika. U centru Op\u0107ine \u0160olta u Grohotama nalaze se sve va\u017ene ustanove kao \u0161to su ambulanta sa helidromom, po\u0161ta, policija, ljekarna, vatrogasni dom, lova\u010dki i zadru\u017eni dom, uljara, tr\u017enica i trgovina.<\/p>\n<p>Kristalno prozirno more, bujna mediteranska vegetacija, prirodne ljepote, dobro vino i riba zajedno sa \u0161oltanskim gostoprimstvom \u010dine cijeli niz razloga za\u0161to se turisti iz cijele Europe pa i same Hrvatske uvjek vra\u0107aju nazad.<\/p>\n<p>Iz zra\u010dne luke Split ima svega 20 km do gradske luke, a potom dolazak na \u0160oltu je jednostavan i brz zbog brojnih svakodnevnih katamaranskih i trajektnih linija.<\/p>\n<p>&nbsp;<\/p>\n<p>&nbsp;<\/p>\n<p><strong>Roga\u010d<\/strong><\/p>\n<p>Roga\u010d je najstarije primorsko naselje i mjesto s kojim posjetitelji dolaze u direktan doticaj \u010dim trajekt prisatne za rivu. Kroz povijest Roga\u010d je bio mjesto ribara i pomoraca. Naseljenost postoji jos od doba starog Rima, ali zbog opasnosti od gusarskih napada i udaljenosti od polja, nikada nije brojio veliki broj stanovnika. Me\u0111u zna\u010dajnijim arheoloskim pronalascima su ostaci rimske gospodarske zgrade u uvali zvanoj Banje, a na suprotnoj strani prona\u0111eni su i anti\u010dki zidovi u moru.<\/p>\n<p>U samom mjestu nalaze se turisti\u010dki ured, ugostiteljski objekti, benzinska stanica, manja marina za nauti\u010dare, crkva Sv. Tereze, te brojne prirodne pla\u017ee i \u0161etnice uz more<\/p>\n\n\n    <div class='gallery lightbox clr '>\n    <div class=\"row\"><div class='col-xs-6 col-md-3 col-lg-3 gallery-item'> <a href='https:\/\/villa-solta.com\/wp-content\/uploads\/2018\/03\/x-beach-in-rogac.jpg' rel='gallery' title=''> <img src='https:\/\/villa-solta.com\/wp-content\/uploads\/2018\/03\/x-beach-in-rogac-150x150.jpg' alt='' class='img-responsive' ><\/a><\/div><div class='col-xs-6 col-md-3 col-lg-3 gallery-item'> <a href='https:\/\/villa-solta.com\/wp-content\/uploads\/2018\/03\/x-Grohote.jpg' rel='gallery' title=''> <img src='https:\/\/villa-solta.com\/wp-content\/uploads\/2018\/03\/x-Grohote-150x150.jpg' alt='' class='img-responsive' ><\/a><\/div><div class='col-xs-6 col-md-3 col-lg-3 gallery-item'> <a href='https:\/\/villa-solta.com\/wp-content\/uploads\/2018\/03\/x-Maslinica-2-1024x683.jpg' rel='gallery' title=''> <img src='https:\/\/villa-solta.com\/wp-content\/uploads\/2018\/03\/x-Maslinica-2-150x150.jpg' alt='' class='img-responsive' ><\/a><\/div><div class='col-xs-6 col-md-3 col-lg-3 gallery-item'> <a href='https:\/\/villa-solta.com\/wp-content\/uploads\/2018\/03\/x-rogac-32768775-1024x682.jpg' rel='gallery' title=''> <img src='https:\/\/villa-solta.com\/wp-content\/uploads\/2018\/03\/x-rogac-32768775-150x150.jpg' alt='' class='img-responsive' ><\/a><\/div><div class='col-xs-6 col-md-3 col-lg-3 gallery-item'> <a href='https:\/\/villa-solta.com\/wp-content\/uploads\/2018\/03\/x-rogac-65891690-1024x577.jpg' rel='gallery' title=''> <img src='https:\/\/villa-solta.com\/wp-content\/uploads\/2018\/03\/x-rogac-65891690-150x150.jpg' alt='' class='img-responsive' ><\/a><\/div><div class='col-xs-6 col-md-3 col-lg-3 gallery-item'> <a href='https:\/\/villa-solta.com\/wp-content\/uploads\/2018\/03\/x-rogac.jpg' rel='gallery' title=''> <img src='https:\/\/villa-solta.com\/wp-content\/uploads\/2018\/03\/x-rogac-150x150.jpg' alt='' class='img-responsive' ><\/a><\/div><div class='col-xs-6 col-md-3 col-lg-3 gallery-item'> <a href='https:\/\/villa-solta.com\/wp-content\/uploads\/2018\/03\/x-rogac116722764-1024x768.jpg' rel='gallery' title=''> <img src='https:\/\/villa-solta.com\/wp-content\/uploads\/2018\/03\/x-rogac116722764-150x150.jpg' alt='' class='img-responsive' ><\/a><\/div><div class='col-xs-6 col-md-3 col-lg-3 gallery-item'> <a href='https:\/\/villa-solta.com\/wp-content\/uploads\/2018\/03\/x-Stomorska.jpg' rel='gallery' title=''> <img src='https:\/\/villa-solta.com\/wp-content\/uploads\/2018\/03\/x-Stomorska-150x150.jpg' alt='' class='img-responsive' ><\/a><\/div><\/div>\n    <\/div>\n\n<p>&nbsp;<\/p>\n<p>&nbsp;<\/p>\n","protected":false},"excerpt":{"rendered":"<p>&nbsp; &nbsp; \u0160olta \u0160olta je oduvjek bila otok ribara i te\u017eaka, vinograda i maslina, a danas je \u0161krinja koja \u010duva sje\u0107anja na Mediteran kakav je nekada bio. \u0160etnja starim kamenim ulicicama vra\u0107a desetlje\u0107ima u pro\u0161lost. Tu se jo\u0161 po dvorovima su\u0161e smokve, a po konobama opija miris dobrog doma\u0107eg vina nadaleko poznate Dobri\u010di\u0107 loze. Rijetki [&hellip;]<\/p>\n","protected":false},"author":1,"featured_media":353,"parent":0,"menu_order":0,"comment_status":"open","ping_status":"closed","template":"page.php","meta":{"footnotes":""},"class_list":["post-357","page","type-page","status-publish","has-post-thumbnail","hentry"],"yoast_head":"<!-- This site is optimized with the Yoast SEO plugin v27.4 - https:\/\/yoast.com\/product\/yoast-seo-wordpress\/ -->\n<title>O \u0160olti \/ Roga\u010du<\/title>\n<meta name=\"description\" content=\"\u0160olta je oduvjek bila otok ribara i te\u017eaka, vinograda i maslina, a danas je \u0161krinja koja \u010duva sje\u0107anja na Mediteran kakav je nekada bio.\" \/>\n<meta name=\"robots\" content=\"index, follow, max-snippet:-1, max-image-preview:large, max-video-preview:-1\" \/>\n<link rel=\"canonical\" href=\"https:\/\/villa-solta.com\/hr\/o-soltarogac\/\" \/>\n<meta property=\"og:locale\" content=\"hr_HR\" \/>\n<meta property=\"og:type\" content=\"article\" \/>\n<meta property=\"og:title\" content=\"O \u0160olti \/ Roga\u010du\" \/>\n<meta property=\"og:description\" content=\"\u0160olta je oduvjek bila otok ribara i te\u017eaka, vinograda i maslina, a danas je \u0161krinja koja \u010duva sje\u0107anja na Mediteran kakav je nekada bio.\" \/>\n<meta property=\"og:url\" content=\"https:\/\/villa-solta.com\/hr\/o-soltarogac\/\" \/>\n<meta property=\"og:site_name\" content=\"Villa \u0161olta\" \/>\n<meta property=\"article:modified_time\" content=\"2018-03-15T13:47:41+00:00\" \/>\n<meta property=\"og:image\" content=\"https:\/\/villa-solta.com\/wp-content\/uploads\/2015\/05\/solta_rogac.jpg\" \/>\n\t<meta property=\"og:image:width\" content=\"845\" \/>\n\t<meta property=\"og:image:height\" content=\"562\" \/>\n\t<meta property=\"og:image:type\" content=\"image\/jpeg\" \/>\n<meta name=\"twitter:card\" content=\"summary_large_image\" \/>\n<meta name=\"twitter:label1\" content=\"Procijenjeno vrijeme \u010ditanja\" \/>\n\t<meta name=\"twitter:data1\" content=\"2 minute\" \/>\n<script type=\"application\/ld+json\" class=\"yoast-schema-graph\">{\"@context\":\"https:\\\/\\\/schema.org\",\"@graph\":[{\"@type\":\"WebPage\",\"@id\":\"https:\\\/\\\/villa-solta.com\\\/hr\\\/o-soltarogac\\\/\",\"url\":\"https:\\\/\\\/villa-solta.com\\\/hr\\\/o-soltarogac\\\/\",\"name\":\"O \u0160olti \\\/ Roga\u010du\",\"isPartOf\":{\"@id\":\"https:\\\/\\\/villa-solta.com\\\/#website\"},\"primaryImageOfPage\":{\"@id\":\"https:\\\/\\\/villa-solta.com\\\/hr\\\/o-soltarogac\\\/#primaryimage\"},\"image\":{\"@id\":\"https:\\\/\\\/villa-solta.com\\\/hr\\\/o-soltarogac\\\/#primaryimage\"},\"thumbnailUrl\":\"https:\\\/\\\/villa-solta.com\\\/wp-content\\\/uploads\\\/2015\\\/05\\\/solta_rogac.jpg\",\"datePublished\":\"2015-05-26T10:21:54+00:00\",\"dateModified\":\"2018-03-15T13:47:41+00:00\",\"description\":\"\u0160olta je oduvjek bila otok ribara i te\u017eaka, vinograda i maslina, a danas je \u0161krinja koja \u010duva sje\u0107anja na Mediteran kakav je nekada bio.\",\"breadcrumb\":{\"@id\":\"https:\\\/\\\/villa-solta.com\\\/hr\\\/o-soltarogac\\\/#breadcrumb\"},\"inLanguage\":\"hr\",\"potentialAction\":[{\"@type\":\"ReadAction\",\"target\":[\"https:\\\/\\\/villa-solta.com\\\/hr\\\/o-soltarogac\\\/\"]}]},{\"@type\":\"ImageObject\",\"inLanguage\":\"hr\",\"@id\":\"https:\\\/\\\/villa-solta.com\\\/hr\\\/o-soltarogac\\\/#primaryimage\",\"url\":\"https:\\\/\\\/villa-solta.com\\\/wp-content\\\/uploads\\\/2015\\\/05\\\/solta_rogac.jpg\",\"contentUrl\":\"https:\\\/\\\/villa-solta.com\\\/wp-content\\\/uploads\\\/2015\\\/05\\\/solta_rogac.jpg\",\"width\":845,\"height\":562},{\"@type\":\"BreadcrumbList\",\"@id\":\"https:\\\/\\\/villa-solta.com\\\/hr\\\/o-soltarogac\\\/#breadcrumb\",\"itemListElement\":[{\"@type\":\"ListItem\",\"position\":1,\"name\":\"Home\",\"item\":\"https:\\\/\\\/villa-solta.com\\\/\"},{\"@type\":\"ListItem\",\"position\":2,\"name\":\"O \u0160olti \\\/ Roga\u010du\"}]},{\"@type\":\"WebSite\",\"@id\":\"https:\\\/\\\/villa-solta.com\\\/#website\",\"url\":\"https:\\\/\\\/villa-solta.com\\\/\",\"name\":\"Villa \u0161olta\",\"description\":\"Villa \u0160olta on Island \u0160olta\",\"potentialAction\":[{\"@type\":\"SearchAction\",\"target\":{\"@type\":\"EntryPoint\",\"urlTemplate\":\"https:\\\/\\\/villa-solta.com\\\/?s={search_term_string}\"},\"query-input\":{\"@type\":\"PropertyValueSpecification\",\"valueRequired\":true,\"valueName\":\"search_term_string\"}}],\"inLanguage\":\"hr\"}]}<\/script>\n<!-- \/ Yoast SEO plugin. -->","yoast_head_json":{"title":"O \u0160olti \/ Roga\u010du","description":"\u0160olta je oduvjek bila otok ribara i te\u017eaka, vinograda i maslina, a danas je \u0161krinja koja \u010duva sje\u0107anja na Mediteran kakav je nekada bio.","robots":{"index":"index","follow":"follow","max-snippet":"max-snippet:-1","max-image-preview":"max-image-preview:large","max-video-preview":"max-video-preview:-1"},"canonical":"https:\/\/villa-solta.com\/hr\/o-soltarogac\/","og_locale":"hr_HR","og_type":"article","og_title":"O \u0160olti \/ Roga\u010du","og_description":"\u0160olta je oduvjek bila otok ribara i te\u017eaka, vinograda i maslina, a danas je \u0161krinja koja \u010duva sje\u0107anja na Mediteran kakav je nekada bio.","og_url":"https:\/\/villa-solta.com\/hr\/o-soltarogac\/","og_site_name":"Villa \u0161olta","article_modified_time":"2018-03-15T13:47:41+00:00","og_image":[{"width":845,"height":562,"url":"https:\/\/villa-solta.com\/wp-content\/uploads\/2015\/05\/solta_rogac.jpg","type":"image\/jpeg"}],"twitter_card":"summary_large_image","twitter_misc":{"Procijenjeno vrijeme \u010ditanja":"2 minute"},"schema":{"@context":"https:\/\/schema.org","@graph":[{"@type":"WebPage","@id":"https:\/\/villa-solta.com\/hr\/o-soltarogac\/","url":"https:\/\/villa-solta.com\/hr\/o-soltarogac\/","name":"O \u0160olti \/ Roga\u010du","isPartOf":{"@id":"https:\/\/villa-solta.com\/#website"},"primaryImageOfPage":{"@id":"https:\/\/villa-solta.com\/hr\/o-soltarogac\/#primaryimage"},"image":{"@id":"https:\/\/villa-solta.com\/hr\/o-soltarogac\/#primaryimage"},"thumbnailUrl":"https:\/\/villa-solta.com\/wp-content\/uploads\/2015\/05\/solta_rogac.jpg","datePublished":"2015-05-26T10:21:54+00:00","dateModified":"2018-03-15T13:47:41+00:00","description":"\u0160olta je oduvjek bila otok ribara i te\u017eaka, vinograda i maslina, a danas je \u0161krinja koja \u010duva sje\u0107anja na Mediteran kakav je nekada bio.","breadcrumb":{"@id":"https:\/\/villa-solta.com\/hr\/o-soltarogac\/#breadcrumb"},"inLanguage":"hr","potentialAction":[{"@type":"ReadAction","target":["https:\/\/villa-solta.com\/hr\/o-soltarogac\/"]}]},{"@type":"ImageObject","inLanguage":"hr","@id":"https:\/\/villa-solta.com\/hr\/o-soltarogac\/#primaryimage","url":"https:\/\/villa-solta.com\/wp-content\/uploads\/2015\/05\/solta_rogac.jpg","contentUrl":"https:\/\/villa-solta.com\/wp-content\/uploads\/2015\/05\/solta_rogac.jpg","width":845,"height":562},{"@type":"BreadcrumbList","@id":"https:\/\/villa-solta.com\/hr\/o-soltarogac\/#breadcrumb","itemListElement":[{"@type":"ListItem","position":1,"name":"Home","item":"https:\/\/villa-solta.com\/"},{"@type":"ListItem","position":2,"name":"O \u0160olti \/ Roga\u010du"}]},{"@type":"WebSite","@id":"https:\/\/villa-solta.com\/#website","url":"https:\/\/villa-solta.com\/","name":"Villa \u0161olta","description":"Villa \u0160olta on Island \u0160olta","potentialAction":[{"@type":"SearchAction","target":{"@type":"EntryPoint","urlTemplate":"https:\/\/villa-solta.com\/?s={search_term_string}"},"query-input":{"@type":"PropertyValueSpecification","valueRequired":true,"valueName":"search_term_string"}}],"inLanguage":"hr"}]}},"_links":{"self":[{"href":"https:\/\/villa-solta.com\/hr\/wp-json\/wp\/v2\/pages\/357\/"}],"collection":[{"href":"https:\/\/villa-solta.com\/hr\/wp-json\/wp\/v2\/pages\/"}],"about":[{"href":"https:\/\/villa-solta.com\/hr\/wp-json\/wp\/v2\/types\/page\/"}],"author":[{"embeddable":true,"href":"https:\/\/villa-solta.com\/hr\/wp-json\/wp\/v2\/users\/1\/"}],"replies":[{"embeddable":true,"href":"https:\/\/villa-solta.com\/hr\/wp-json\/wp\/v2\/comments\/?post=357"}],"version-history":[{"count":9,"href":"https:\/\/villa-solta.com\/hr\/wp-json\/wp\/v2\/pages\/357\/revisions\/"}],"predecessor-version":[{"id":706,"href":"https:\/\/villa-solta.com\/hr\/wp-json\/wp\/v2\/pages\/357\/revisions\/706\/"}],"wp:featuredmedia":[{"embeddable":true,"href":"https:\/\/villa-solta.com\/hr\/wp-json\/wp\/v2\/media\/353\/"}],"wp:attachment":[{"href":"https:\/\/villa-solta.com\/hr\/wp-json\/wp\/v2\/media\/?parent=357"}],"curies":[{"name":"wp","href":"https:\/\/api.w.org\/{rel}","templated":true}]}}