{"id":372,"date":"2015-05-26T10:34:05","date_gmt":"2015-05-26T10:34:05","guid":{"rendered":"https:\/\/villa-solta.com\/pricelist-2\/"},"modified":"2026-01-19T18:25:43","modified_gmt":"2026-01-19T16:25:43","slug":"cjenik","status":"publish","type":"page","link":"https:\/\/villa-solta.com\/hr\/cjenik\/","title":{"rendered":"Cjenik"},"content":{"rendered":"<table class=\" aligncenter\" style=\"height: 276px;\" width=\"100%\">\n<tbody>\n<tr>\n<td><\/td>\n<td style=\"text-align: center;\">01.07. &#8211; 31.08.<\/td>\n<td style=\"text-align: center;\">Ostali mjeseci<\/td>\n<\/tr>\n<tr>\n<td style=\"text-align: center;\">Apartman (A4)<br \/>\nza 4 osobe<\/td>\n<td style=\"text-align: center;\">140 \u20ac<\/td>\n<td style=\"text-align: center;\">120 \u20ac<\/td>\n<\/tr>\n<tr>\n<td style=\"text-align: center;\">Dvokrevetna soba<br \/>\n(2+0)<\/td>\n<td style=\"text-align: center;\">88 \u20ac<\/td>\n<td style=\"text-align: center;\">78 \u20ac<\/td>\n<\/tr>\n<tr>\n<td style=\"text-align: center;\"><\/td>\n<td style=\"text-align: center;\"><\/td>\n<td style=\"text-align: center;\"><\/td>\n<\/tr>\n<tr>\n<td style=\"text-align: center;\">Doru\u010dak<br \/>\n(1 osoba)<\/td>\n<td style=\"text-align: center;\">12 \u20ac<\/td>\n<td style=\"text-align: center;\">12 \u20ac<\/td>\n<\/tr>\n<tr>\n<td colspan=\"3\"><\/td>\n<\/tr>\n<\/tbody>\n<\/table>\n<p>&nbsp;<\/p>\n<ul>\n<li>Boravi\u0161na pristojba je ura\u010dunata u cijenu.<\/li>\n<li>U cijenu je uklju\u010deno \u010di\u0161\u0107enje i promjena ru\u010dnika, te parkirno mjesto.<\/li>\n<\/ul>\n<p>&nbsp;<\/p>\n<p><strong>\u017dIRO RA\u010cUN<\/strong><\/p>\n<p><strong>Rezervacija se potvr\u0111uje uplatom akontacije od 30% na \u017eiro ra\u010dun.<\/strong><\/p>\n<ul>\n<li>Zorica Bezi\u0107<\/li>\n<li>Dolac 9, Roga\u010d, 21430 Grohote, o. \u0160olta<\/li>\n<li>Privredna banka Zagreb<\/li>\n<li>OIB banke: 02535697732<\/li>\n<li>Poslovnica 187 Brodarica, Put Brodarice 6, Split<\/li>\n<li>IBAN: HR42 2340 0093 1121 8637 0<\/li>\n<li>SWIFT: PBZGHR2X<\/li>\n<\/ul>\n<p>&nbsp;<\/p>\n","protected":false},"excerpt":{"rendered":"<p>01.07. &#8211; 31.08. Ostali mjeseci Apartman (A4) za 4 osobe 140 \u20ac 120 \u20ac Dvokrevetna soba (2+0) 88 \u20ac 78 \u20ac Doru\u010dak (1 osoba) 12 \u20ac 12 \u20ac &nbsp; Boravi\u0161na pristojba je ura\u010dunata u cijenu. U cijenu je uklju\u010deno \u010di\u0161\u0107enje i promjena ru\u010dnika, te parkirno mjesto. &nbsp; \u017dIRO RA\u010cUN Rezervacija se potvr\u0111uje uplatom akontacije od [&hellip;]<\/p>\n","protected":false},"author":1,"featured_media":0,"parent":0,"menu_order":0,"comment_status":"open","ping_status":"open","template":"","meta":{"footnotes":""},"class_list":["post-372","page","type-page","status-publish","hentry"],"yoast_head":"<!-- This site is optimized with the Yoast SEO plugin v27.4 - https:\/\/yoast.com\/product\/yoast-seo-wordpress\/ -->\n<title>Cjenik<\/title>\n<meta name=\"description\" content=\"Cjenik\" \/>\n<meta name=\"robots\" content=\"index, follow, max-snippet:-1, max-image-preview:large, max-video-preview:-1\" \/>\n<link rel=\"canonical\" href=\"https:\/\/villa-solta.com\/hr\/cjenik\/\" \/>\n<meta property=\"og:locale\" content=\"hr_HR\" \/>\n<meta property=\"og:type\" content=\"article\" \/>\n<meta property=\"og:title\" content=\"Cjenik\" \/>\n<meta property=\"og:description\" content=\"Cjenik\" \/>\n<meta property=\"og:url\" content=\"https:\/\/villa-solta.com\/hr\/cjenik\/\" \/>\n<meta property=\"og:site_name\" content=\"Villa \u0161olta\" \/>\n<meta property=\"article:modified_time\" content=\"2026-01-19T16:25:43+00:00\" \/>\n<meta name=\"twitter:card\" content=\"summary_large_image\" \/>\n<meta name=\"twitter:label1\" content=\"Procijenjeno vrijeme \u010ditanja\" \/>\n\t<meta name=\"twitter:data1\" content=\"1 minuta\" \/>\n<script type=\"application\/ld+json\" class=\"yoast-schema-graph\">{\"@context\":\"https:\\\/\\\/schema.org\",\"@graph\":[{\"@type\":\"WebPage\",\"@id\":\"https:\\\/\\\/villa-solta.com\\\/hr\\\/cjenik\\\/\",\"url\":\"https:\\\/\\\/villa-solta.com\\\/hr\\\/cjenik\\\/\",\"name\":\"Cjenik\",\"isPartOf\":{\"@id\":\"https:\\\/\\\/villa-solta.com\\\/#website\"},\"datePublished\":\"2015-05-26T10:34:05+00:00\",\"dateModified\":\"2026-01-19T16:25:43+00:00\",\"description\":\"Cjenik\",\"breadcrumb\":{\"@id\":\"https:\\\/\\\/villa-solta.com\\\/hr\\\/cjenik\\\/#breadcrumb\"},\"inLanguage\":\"hr\",\"potentialAction\":[{\"@type\":\"ReadAction\",\"target\":[\"https:\\\/\\\/villa-solta.com\\\/hr\\\/cjenik\\\/\"]}]},{\"@type\":\"BreadcrumbList\",\"@id\":\"https:\\\/\\\/villa-solta.com\\\/hr\\\/cjenik\\\/#breadcrumb\",\"itemListElement\":[{\"@type\":\"ListItem\",\"position\":1,\"name\":\"Home\",\"item\":\"https:\\\/\\\/villa-solta.com\\\/\"},{\"@type\":\"ListItem\",\"position\":2,\"name\":\"Cjenik\"}]},{\"@type\":\"WebSite\",\"@id\":\"https:\\\/\\\/villa-solta.com\\\/#website\",\"url\":\"https:\\\/\\\/villa-solta.com\\\/\",\"name\":\"Villa \u0161olta\",\"description\":\"Villa \u0160olta on Island \u0160olta\",\"potentialAction\":[{\"@type\":\"SearchAction\",\"target\":{\"@type\":\"EntryPoint\",\"urlTemplate\":\"https:\\\/\\\/villa-solta.com\\\/?s={search_term_string}\"},\"query-input\":{\"@type\":\"PropertyValueSpecification\",\"valueRequired\":true,\"valueName\":\"search_term_string\"}}],\"inLanguage\":\"hr\"}]}<\/script>\n<!-- \/ Yoast SEO plugin. -->","yoast_head_json":{"title":"Cjenik","description":"Cjenik","robots":{"index":"index","follow":"follow","max-snippet":"max-snippet:-1","max-image-preview":"max-image-preview:large","max-video-preview":"max-video-preview:-1"},"canonical":"https:\/\/villa-solta.com\/hr\/cjenik\/","og_locale":"hr_HR","og_type":"article","og_title":"Cjenik","og_description":"Cjenik","og_url":"https:\/\/villa-solta.com\/hr\/cjenik\/","og_site_name":"Villa \u0161olta","article_modified_time":"2026-01-19T16:25:43+00:00","twitter_card":"summary_large_image","twitter_misc":{"Procijenjeno vrijeme \u010ditanja":"1 minuta"},"schema":{"@context":"https:\/\/schema.org","@graph":[{"@type":"WebPage","@id":"https:\/\/villa-solta.com\/hr\/cjenik\/","url":"https:\/\/villa-solta.com\/hr\/cjenik\/","name":"Cjenik","isPartOf":{"@id":"https:\/\/villa-solta.com\/#website"},"datePublished":"2015-05-26T10:34:05+00:00","dateModified":"2026-01-19T16:25:43+00:00","description":"Cjenik","breadcrumb":{"@id":"https:\/\/villa-solta.com\/hr\/cjenik\/#breadcrumb"},"inLanguage":"hr","potentialAction":[{"@type":"ReadAction","target":["https:\/\/villa-solta.com\/hr\/cjenik\/"]}]},{"@type":"BreadcrumbList","@id":"https:\/\/villa-solta.com\/hr\/cjenik\/#breadcrumb","itemListElement":[{"@type":"ListItem","position":1,"name":"Home","item":"https:\/\/villa-solta.com\/"},{"@type":"ListItem","position":2,"name":"Cjenik"}]},{"@type":"WebSite","@id":"https:\/\/villa-solta.com\/#website","url":"https:\/\/villa-solta.com\/","name":"Villa \u0161olta","description":"Villa \u0160olta on Island \u0160olta","potentialAction":[{"@type":"SearchAction","target":{"@type":"EntryPoint","urlTemplate":"https:\/\/villa-solta.com\/?s={search_term_string}"},"query-input":{"@type":"PropertyValueSpecification","valueRequired":true,"valueName":"search_term_string"}}],"inLanguage":"hr"}]}},"_links":{"self":[{"href":"https:\/\/villa-solta.com\/hr\/wp-json\/wp\/v2\/pages\/372\/"}],"collection":[{"href":"https:\/\/villa-solta.com\/hr\/wp-json\/wp\/v2\/pages\/"}],"about":[{"href":"https:\/\/villa-solta.com\/hr\/wp-json\/wp\/v2\/types\/page\/"}],"author":[{"embeddable":true,"href":"https:\/\/villa-solta.com\/hr\/wp-json\/wp\/v2\/users\/1\/"}],"replies":[{"embeddable":true,"href":"https:\/\/villa-solta.com\/hr\/wp-json\/wp\/v2\/comments\/?post=372"}],"version-history":[{"count":33,"href":"https:\/\/villa-solta.com\/hr\/wp-json\/wp\/v2\/pages\/372\/revisions\/"}],"predecessor-version":[{"id":1834,"href":"https:\/\/villa-solta.com\/hr\/wp-json\/wp\/v2\/pages\/372\/revisions\/1834\/"}],"wp:attachment":[{"href":"https:\/\/villa-solta.com\/hr\/wp-json\/wp\/v2\/media\/?parent=372"}],"curies":[{"name":"wp","href":"https:\/\/api.w.org\/{rel}","templated":true}]}}