{"id":189,"date":"2015-05-20T15:01:38","date_gmt":"2015-05-20T15:01:38","guid":{"rendered":"https:\/\/villa-solta.com\/accommodation-2\/"},"modified":"2024-06-07T13:44:27","modified_gmt":"2024-06-07T11:44:27","slug":"accommodation","status":"publish","type":"page","link":"https:\/\/villa-solta.com\/it\/accommodation\/","title":{"rendered":"Alloggio"},"content":{"rendered":"<p><strong>Le cinque camere e un trilocale dispongono di tutte le comodit\u00e0 per il vostro soggiorno. Tutte le unit\u00e0 hanno l&#8217; aria condizionata e WiFi. Ci prendiamo cura delle pulizie giornaliere comprese di cambio asciugamani. Il vostro soggiorno vi offrir\u00e0 momenti di spensieratezza a bordo piscina o di fronte ad un panorama mozzafiato.<\/strong><\/p>\n<p>&nbsp;<\/p>\n","protected":false},"excerpt":{"rendered":"<p>Le cinque camere e un trilocale dispongono di tutte le comodit\u00e0 per il vostro soggiorno. Tutte le unit\u00e0 hanno l&#8217; aria condizionata e WiFi. Ci prendiamo cura delle pulizie giornaliere comprese di cambio asciugamani. Il vostro soggiorno vi offrir\u00e0 momenti di spensieratezza a bordo piscina o di fronte ad un panorama mozzafiato. <\/p>\n","protected":false},"author":1,"featured_media":1744,"parent":0,"menu_order":0,"comment_status":"open","ping_status":"open","template":"page-accommodation.php","meta":{"footnotes":""},"class_list":["post-189","page","type-page","status-publish","has-post-thumbnail","hentry","pages_categories-naslovnica-smjestaj-it"],"yoast_head":"<!-- This site is optimized with the Yoast SEO plugin v27.4 - https:\/\/yoast.com\/product\/yoast-seo-wordpress\/ -->\n<title>Alloggio<\/title>\n<meta name=\"description\" content=\"Villa Solta include camere e appartamenti di gran lusso che vi permetteranno un soggiorno piacevole e rilassante.\" \/>\n<meta name=\"robots\" content=\"index, follow, max-snippet:-1, max-image-preview:large, max-video-preview:-1\" \/>\n<link rel=\"canonical\" href=\"https:\/\/villa-solta.com\/it\/accommodation\/\" \/>\n<meta property=\"og:locale\" content=\"it_IT\" \/>\n<meta property=\"og:type\" content=\"article\" \/>\n<meta property=\"og:title\" content=\"Alloggio\" \/>\n<meta property=\"og:description\" content=\"Villa Solta include camere e appartamenti di gran lusso che vi permetteranno un soggiorno piacevole e rilassante.\" \/>\n<meta property=\"og:url\" content=\"https:\/\/villa-solta.com\/it\/accommodation\/\" \/>\n<meta property=\"og:site_name\" content=\"Villa \u0161olta\" \/>\n<meta property=\"article:modified_time\" content=\"2024-06-07T11:44:27+00:00\" \/>\n<meta property=\"og:image\" content=\"https:\/\/villa-solta.com\/wp-content\/uploads\/2015\/05\/20230621_15515330142.jpg\" \/>\n\t<meta property=\"og:image:width\" content=\"2560\" \/>\n\t<meta property=\"og:image:height\" content=\"2560\" \/>\n\t<meta property=\"og:image:type\" content=\"image\/jpeg\" \/>\n<meta name=\"twitter:card\" content=\"summary_large_image\" \/>\n<meta name=\"twitter:label1\" content=\"Tempo di lettura stimato\" \/>\n\t<meta name=\"twitter:data1\" content=\"1 minuto\" \/>\n<script type=\"application\/ld+json\" class=\"yoast-schema-graph\">{\"@context\":\"https:\\\/\\\/schema.org\",\"@graph\":[{\"@type\":\"WebPage\",\"@id\":\"https:\\\/\\\/villa-solta.com\\\/it\\\/accommodation\\\/\",\"url\":\"https:\\\/\\\/villa-solta.com\\\/it\\\/accommodation\\\/\",\"name\":\"Alloggio\",\"isPartOf\":{\"@id\":\"https:\\\/\\\/villa-solta.com\\\/#website\"},\"primaryImageOfPage\":{\"@id\":\"https:\\\/\\\/villa-solta.com\\\/it\\\/accommodation\\\/#primaryimage\"},\"image\":{\"@id\":\"https:\\\/\\\/villa-solta.com\\\/it\\\/accommodation\\\/#primaryimage\"},\"thumbnailUrl\":\"https:\\\/\\\/villa-solta.com\\\/wp-content\\\/uploads\\\/2015\\\/05\\\/20230621_15515330142.jpg\",\"datePublished\":\"2015-05-20T15:01:38+00:00\",\"dateModified\":\"2024-06-07T11:44:27+00:00\",\"description\":\"Villa Solta include camere e appartamenti di gran lusso che vi permetteranno un soggiorno piacevole e rilassante.\",\"breadcrumb\":{\"@id\":\"https:\\\/\\\/villa-solta.com\\\/it\\\/accommodation\\\/#breadcrumb\"},\"inLanguage\":\"it-IT\",\"potentialAction\":[{\"@type\":\"ReadAction\",\"target\":[\"https:\\\/\\\/villa-solta.com\\\/it\\\/accommodation\\\/\"]}]},{\"@type\":\"ImageObject\",\"inLanguage\":\"it-IT\",\"@id\":\"https:\\\/\\\/villa-solta.com\\\/it\\\/accommodation\\\/#primaryimage\",\"url\":\"https:\\\/\\\/villa-solta.com\\\/wp-content\\\/uploads\\\/2015\\\/05\\\/20230621_15515330142.jpg\",\"contentUrl\":\"https:\\\/\\\/villa-solta.com\\\/wp-content\\\/uploads\\\/2015\\\/05\\\/20230621_15515330142.jpg\",\"width\":2560,\"height\":2560},{\"@type\":\"BreadcrumbList\",\"@id\":\"https:\\\/\\\/villa-solta.com\\\/it\\\/accommodation\\\/#breadcrumb\",\"itemListElement\":[{\"@type\":\"ListItem\",\"position\":1,\"name\":\"Home\",\"item\":\"https:\\\/\\\/villa-solta.com\\\/\"},{\"@type\":\"ListItem\",\"position\":2,\"name\":\"Alloggio\"}]},{\"@type\":\"WebSite\",\"@id\":\"https:\\\/\\\/villa-solta.com\\\/#website\",\"url\":\"https:\\\/\\\/villa-solta.com\\\/\",\"name\":\"Villa \u0161olta\",\"description\":\"Villa \u0160olta on Island \u0160olta\",\"potentialAction\":[{\"@type\":\"SearchAction\",\"target\":{\"@type\":\"EntryPoint\",\"urlTemplate\":\"https:\\\/\\\/villa-solta.com\\\/?s={search_term_string}\"},\"query-input\":{\"@type\":\"PropertyValueSpecification\",\"valueRequired\":true,\"valueName\":\"search_term_string\"}}],\"inLanguage\":\"it-IT\"}]}<\/script>\n<!-- \/ Yoast SEO plugin. -->","yoast_head_json":{"title":"Alloggio","description":"Villa Solta include camere e appartamenti di gran lusso che vi permetteranno un soggiorno piacevole e rilassante.","robots":{"index":"index","follow":"follow","max-snippet":"max-snippet:-1","max-image-preview":"max-image-preview:large","max-video-preview":"max-video-preview:-1"},"canonical":"https:\/\/villa-solta.com\/it\/accommodation\/","og_locale":"it_IT","og_type":"article","og_title":"Alloggio","og_description":"Villa Solta include camere e appartamenti di gran lusso che vi permetteranno un soggiorno piacevole e rilassante.","og_url":"https:\/\/villa-solta.com\/it\/accommodation\/","og_site_name":"Villa \u0161olta","article_modified_time":"2024-06-07T11:44:27+00:00","og_image":[{"width":2560,"height":2560,"url":"https:\/\/villa-solta.com\/wp-content\/uploads\/2015\/05\/20230621_15515330142.jpg","type":"image\/jpeg"}],"twitter_card":"summary_large_image","twitter_misc":{"Tempo di lettura stimato":"1 minuto"},"schema":{"@context":"https:\/\/schema.org","@graph":[{"@type":"WebPage","@id":"https:\/\/villa-solta.com\/it\/accommodation\/","url":"https:\/\/villa-solta.com\/it\/accommodation\/","name":"Alloggio","isPartOf":{"@id":"https:\/\/villa-solta.com\/#website"},"primaryImageOfPage":{"@id":"https:\/\/villa-solta.com\/it\/accommodation\/#primaryimage"},"image":{"@id":"https:\/\/villa-solta.com\/it\/accommodation\/#primaryimage"},"thumbnailUrl":"https:\/\/villa-solta.com\/wp-content\/uploads\/2015\/05\/20230621_15515330142.jpg","datePublished":"2015-05-20T15:01:38+00:00","dateModified":"2024-06-07T11:44:27+00:00","description":"Villa Solta include camere e appartamenti di gran lusso che vi permetteranno un soggiorno piacevole e rilassante.","breadcrumb":{"@id":"https:\/\/villa-solta.com\/it\/accommodation\/#breadcrumb"},"inLanguage":"it-IT","potentialAction":[{"@type":"ReadAction","target":["https:\/\/villa-solta.com\/it\/accommodation\/"]}]},{"@type":"ImageObject","inLanguage":"it-IT","@id":"https:\/\/villa-solta.com\/it\/accommodation\/#primaryimage","url":"https:\/\/villa-solta.com\/wp-content\/uploads\/2015\/05\/20230621_15515330142.jpg","contentUrl":"https:\/\/villa-solta.com\/wp-content\/uploads\/2015\/05\/20230621_15515330142.jpg","width":2560,"height":2560},{"@type":"BreadcrumbList","@id":"https:\/\/villa-solta.com\/it\/accommodation\/#breadcrumb","itemListElement":[{"@type":"ListItem","position":1,"name":"Home","item":"https:\/\/villa-solta.com\/"},{"@type":"ListItem","position":2,"name":"Alloggio"}]},{"@type":"WebSite","@id":"https:\/\/villa-solta.com\/#website","url":"https:\/\/villa-solta.com\/","name":"Villa \u0161olta","description":"Villa \u0160olta on Island \u0160olta","potentialAction":[{"@type":"SearchAction","target":{"@type":"EntryPoint","urlTemplate":"https:\/\/villa-solta.com\/?s={search_term_string}"},"query-input":{"@type":"PropertyValueSpecification","valueRequired":true,"valueName":"search_term_string"}}],"inLanguage":"it-IT"}]}},"_links":{"self":[{"href":"https:\/\/villa-solta.com\/it\/wp-json\/wp\/v2\/pages\/189\/"}],"collection":[{"href":"https:\/\/villa-solta.com\/it\/wp-json\/wp\/v2\/pages\/"}],"about":[{"href":"https:\/\/villa-solta.com\/it\/wp-json\/wp\/v2\/types\/page\/"}],"author":[{"embeddable":true,"href":"https:\/\/villa-solta.com\/it\/wp-json\/wp\/v2\/users\/1\/"}],"replies":[{"embeddable":true,"href":"https:\/\/villa-solta.com\/it\/wp-json\/wp\/v2\/comments\/?post=189"}],"version-history":[{"count":6,"href":"https:\/\/villa-solta.com\/it\/wp-json\/wp\/v2\/pages\/189\/revisions\/"}],"predecessor-version":[{"id":1820,"href":"https:\/\/villa-solta.com\/it\/wp-json\/wp\/v2\/pages\/189\/revisions\/1820\/"}],"wp:featuredmedia":[{"embeddable":true,"href":"https:\/\/villa-solta.com\/it\/wp-json\/wp\/v2\/media\/1744\/"}],"wp:attachment":[{"href":"https:\/\/villa-solta.com\/it\/wp-json\/wp\/v2\/media\/?parent=189"}],"curies":[{"name":"wp","href":"https:\/\/api.w.org\/{rel}","templated":true}]}}