{"id":197,"date":"2015-05-21T09:00:19","date_gmt":"2015-05-21T09:00:19","guid":{"rendered":"https:\/\/villa-solta.com\/restaurant-2\/"},"modified":"2015-06-07T16:39:30","modified_gmt":"2015-06-07T14:39:30","slug":"ristorante","status":"publish","type":"page","link":"https:\/\/villa-solta.com\/it\/ristorante\/","title":{"rendered":"Ristorante"},"content":{"rendered":"","protected":false},"excerpt":{"rendered":"<p>Al fine di completare pienamente la soddisfazione dei nostri ospiti, vi \u00e8 a disposizione il nostro ristorante in ogni momento del vostro soggiorno.<\/p>\n","protected":false},"author":1,"featured_media":92,"parent":0,"menu_order":0,"comment_status":"open","ping_status":"open","template":"page-restaurant.php","meta":{"footnotes":""},"class_list":["post-197","page","type-page","status-publish","has-post-thumbnail","hentry","pages_categories-naslovnica-restoran-it"],"yoast_head":"<!-- This site is optimized with the Yoast SEO plugin v27.5 - https:\/\/yoast.com\/product\/yoast-seo-wordpress\/ -->\n<title>Ristorante<\/title>\n<meta name=\"description\" content=\"Al fine di completare pienamente la soddisfazione dei nostri ospiti, vi \u00e8 a disposizione il nostro ristorante in ogni momento del vostro soggiorno.\" \/>\n<meta name=\"robots\" content=\"index, follow, max-snippet:-1, max-image-preview:large, max-video-preview:-1\" \/>\n<link rel=\"canonical\" href=\"https:\/\/villa-solta.com\/it\/ristorante\/\" \/>\n<meta property=\"og:locale\" content=\"it_IT\" \/>\n<meta property=\"og:type\" content=\"article\" \/>\n<meta property=\"og:title\" content=\"Ristorante\" \/>\n<meta property=\"og:description\" content=\"Al fine di completare pienamente la soddisfazione dei nostri ospiti, vi \u00e8 a disposizione il nostro ristorante in ogni momento del vostro soggiorno.\" \/>\n<meta property=\"og:url\" content=\"https:\/\/villa-solta.com\/it\/ristorante\/\" \/>\n<meta property=\"og:site_name\" content=\"Villa \u0161olta\" \/>\n<meta property=\"article:modified_time\" content=\"2015-06-07T14:39:30+00:00\" \/>\n<meta property=\"og:image\" content=\"https:\/\/villa-solta.com\/wp-content\/uploads\/2015\/05\/restoran51.jpg\" \/>\n\t<meta property=\"og:image:width\" content=\"845\" \/>\n\t<meta property=\"og:image:height\" content=\"634\" \/>\n\t<meta property=\"og:image:type\" content=\"image\/jpeg\" \/>\n<meta name=\"twitter:card\" content=\"summary_large_image\" \/>\n<script type=\"application\/ld+json\" class=\"yoast-schema-graph\">{\"@context\":\"https:\\\/\\\/schema.org\",\"@graph\":[{\"@type\":\"WebPage\",\"@id\":\"https:\\\/\\\/villa-solta.com\\\/it\\\/ristorante\\\/\",\"url\":\"https:\\\/\\\/villa-solta.com\\\/it\\\/ristorante\\\/\",\"name\":\"Ristorante\",\"isPartOf\":{\"@id\":\"https:\\\/\\\/villa-solta.com\\\/#website\"},\"primaryImageOfPage\":{\"@id\":\"https:\\\/\\\/villa-solta.com\\\/it\\\/ristorante\\\/#primaryimage\"},\"image\":{\"@id\":\"https:\\\/\\\/villa-solta.com\\\/it\\\/ristorante\\\/#primaryimage\"},\"thumbnailUrl\":\"https:\\\/\\\/villa-solta.com\\\/wp-content\\\/uploads\\\/2015\\\/05\\\/restoran51.jpg\",\"datePublished\":\"2015-05-21T09:00:19+00:00\",\"dateModified\":\"2015-06-07T14:39:30+00:00\",\"description\":\"Al fine di completare pienamente la soddisfazione dei nostri ospiti, vi \u00e8 a disposizione il nostro ristorante in ogni momento del vostro soggiorno.\",\"breadcrumb\":{\"@id\":\"https:\\\/\\\/villa-solta.com\\\/it\\\/ristorante\\\/#breadcrumb\"},\"inLanguage\":\"it-IT\",\"potentialAction\":[{\"@type\":\"ReadAction\",\"target\":[\"https:\\\/\\\/villa-solta.com\\\/it\\\/ristorante\\\/\"]}]},{\"@type\":\"ImageObject\",\"inLanguage\":\"it-IT\",\"@id\":\"https:\\\/\\\/villa-solta.com\\\/it\\\/ristorante\\\/#primaryimage\",\"url\":\"https:\\\/\\\/villa-solta.com\\\/wp-content\\\/uploads\\\/2015\\\/05\\\/restoran51.jpg\",\"contentUrl\":\"https:\\\/\\\/villa-solta.com\\\/wp-content\\\/uploads\\\/2015\\\/05\\\/restoran51.jpg\",\"width\":845,\"height\":634,\"caption\":\"Digital StillCamera\"},{\"@type\":\"BreadcrumbList\",\"@id\":\"https:\\\/\\\/villa-solta.com\\\/it\\\/ristorante\\\/#breadcrumb\",\"itemListElement\":[{\"@type\":\"ListItem\",\"position\":1,\"name\":\"Home\",\"item\":\"https:\\\/\\\/villa-solta.com\\\/\"},{\"@type\":\"ListItem\",\"position\":2,\"name\":\"Ristorante\"}]},{\"@type\":\"WebSite\",\"@id\":\"https:\\\/\\\/villa-solta.com\\\/#website\",\"url\":\"https:\\\/\\\/villa-solta.com\\\/\",\"name\":\"Villa \u0161olta\",\"description\":\"Villa \u0160olta on Island \u0160olta\",\"potentialAction\":[{\"@type\":\"SearchAction\",\"target\":{\"@type\":\"EntryPoint\",\"urlTemplate\":\"https:\\\/\\\/villa-solta.com\\\/?s={search_term_string}\"},\"query-input\":{\"@type\":\"PropertyValueSpecification\",\"valueRequired\":true,\"valueName\":\"search_term_string\"}}],\"inLanguage\":\"it-IT\"}]}<\/script>\n<!-- \/ Yoast SEO plugin. -->","yoast_head_json":{"title":"Ristorante","description":"Al fine di completare pienamente la soddisfazione dei nostri ospiti, vi \u00e8 a disposizione il nostro ristorante in ogni momento del vostro soggiorno.","robots":{"index":"index","follow":"follow","max-snippet":"max-snippet:-1","max-image-preview":"max-image-preview:large","max-video-preview":"max-video-preview:-1"},"canonical":"https:\/\/villa-solta.com\/it\/ristorante\/","og_locale":"it_IT","og_type":"article","og_title":"Ristorante","og_description":"Al fine di completare pienamente la soddisfazione dei nostri ospiti, vi \u00e8 a disposizione il nostro ristorante in ogni momento del vostro soggiorno.","og_url":"https:\/\/villa-solta.com\/it\/ristorante\/","og_site_name":"Villa \u0161olta","article_modified_time":"2015-06-07T14:39:30+00:00","og_image":[{"width":845,"height":634,"url":"https:\/\/villa-solta.com\/wp-content\/uploads\/2015\/05\/restoran51.jpg","type":"image\/jpeg"}],"twitter_card":"summary_large_image","schema":{"@context":"https:\/\/schema.org","@graph":[{"@type":"WebPage","@id":"https:\/\/villa-solta.com\/it\/ristorante\/","url":"https:\/\/villa-solta.com\/it\/ristorante\/","name":"Ristorante","isPartOf":{"@id":"https:\/\/villa-solta.com\/#website"},"primaryImageOfPage":{"@id":"https:\/\/villa-solta.com\/it\/ristorante\/#primaryimage"},"image":{"@id":"https:\/\/villa-solta.com\/it\/ristorante\/#primaryimage"},"thumbnailUrl":"https:\/\/villa-solta.com\/wp-content\/uploads\/2015\/05\/restoran51.jpg","datePublished":"2015-05-21T09:00:19+00:00","dateModified":"2015-06-07T14:39:30+00:00","description":"Al fine di completare pienamente la soddisfazione dei nostri ospiti, vi \u00e8 a disposizione il nostro ristorante in ogni momento del vostro soggiorno.","breadcrumb":{"@id":"https:\/\/villa-solta.com\/it\/ristorante\/#breadcrumb"},"inLanguage":"it-IT","potentialAction":[{"@type":"ReadAction","target":["https:\/\/villa-solta.com\/it\/ristorante\/"]}]},{"@type":"ImageObject","inLanguage":"it-IT","@id":"https:\/\/villa-solta.com\/it\/ristorante\/#primaryimage","url":"https:\/\/villa-solta.com\/wp-content\/uploads\/2015\/05\/restoran51.jpg","contentUrl":"https:\/\/villa-solta.com\/wp-content\/uploads\/2015\/05\/restoran51.jpg","width":845,"height":634,"caption":"Digital StillCamera"},{"@type":"BreadcrumbList","@id":"https:\/\/villa-solta.com\/it\/ristorante\/#breadcrumb","itemListElement":[{"@type":"ListItem","position":1,"name":"Home","item":"https:\/\/villa-solta.com\/"},{"@type":"ListItem","position":2,"name":"Ristorante"}]},{"@type":"WebSite","@id":"https:\/\/villa-solta.com\/#website","url":"https:\/\/villa-solta.com\/","name":"Villa \u0161olta","description":"Villa \u0160olta on Island \u0160olta","potentialAction":[{"@type":"SearchAction","target":{"@type":"EntryPoint","urlTemplate":"https:\/\/villa-solta.com\/?s={search_term_string}"},"query-input":{"@type":"PropertyValueSpecification","valueRequired":true,"valueName":"search_term_string"}}],"inLanguage":"it-IT"}]}},"_links":{"self":[{"href":"https:\/\/villa-solta.com\/it\/wp-json\/wp\/v2\/pages\/197\/"}],"collection":[{"href":"https:\/\/villa-solta.com\/it\/wp-json\/wp\/v2\/pages\/"}],"about":[{"href":"https:\/\/villa-solta.com\/it\/wp-json\/wp\/v2\/types\/page\/"}],"author":[{"embeddable":true,"href":"https:\/\/villa-solta.com\/it\/wp-json\/wp\/v2\/users\/1\/"}],"replies":[{"embeddable":true,"href":"https:\/\/villa-solta.com\/it\/wp-json\/wp\/v2\/comments\/?post=197"}],"version-history":[{"count":1,"href":"https:\/\/villa-solta.com\/it\/wp-json\/wp\/v2\/pages\/197\/revisions\/"}],"predecessor-version":[{"id":200,"href":"https:\/\/villa-solta.com\/it\/wp-json\/wp\/v2\/pages\/197\/revisions\/200\/"}],"wp:featuredmedia":[{"embeddable":true,"href":"https:\/\/villa-solta.com\/it\/wp-json\/wp\/v2\/media\/92\/"}],"wp:attachment":[{"href":"https:\/\/villa-solta.com\/it\/wp-json\/wp\/v2\/media\/?parent=197"}],"curies":[{"name":"wp","href":"https:\/\/api.w.org\/{rel}","templated":true}]}}