{"id":356,"date":"2015-05-26T10:21:54","date_gmt":"2015-05-26T10:21:54","guid":{"rendered":"https:\/\/villa-solta.com\/about-soltarogac-2\/"},"modified":"2018-03-28T14:44:56","modified_gmt":"2018-03-28T12:44:56","slug":"a-proposito-di-solta-rogac","status":"publish","type":"page","link":"https:\/\/villa-solta.com\/it\/a-proposito-di-solta-rogac\/","title":{"rendered":"A proposito di Solta \/ Rogac"},"content":{"rendered":"\n\n    <div class='gallery lightbox clr '>\n    <div class=\"row\"><div class='col-xs-6 col-md-3 col-lg-3 gallery-item'> <a href='https:\/\/villa-solta.com\/wp-content\/uploads\/2015\/05\/solta_rogac.jpg' rel='gallery' title=''> <img src='https:\/\/villa-solta.com\/wp-content\/uploads\/2015\/05\/solta_rogac-150x150.jpg' alt='' class='img-responsive' ><\/a><\/div><div class='col-xs-6 col-md-3 col-lg-3 gallery-item'> <a href='https:\/\/villa-solta.com\/wp-content\/uploads\/2015\/05\/solta_rogac1.jpg' rel='gallery' title=''> <img src='https:\/\/villa-solta.com\/wp-content\/uploads\/2015\/05\/solta_rogac1-150x150.jpg' alt='' class='img-responsive' ><\/a><\/div><div class='col-xs-6 col-md-3 col-lg-3 gallery-item'> <a href='https:\/\/villa-solta.com\/wp-content\/uploads\/2015\/05\/solta_rogac2.jpg' rel='gallery' title=''> <img src='https:\/\/villa-solta.com\/wp-content\/uploads\/2015\/05\/solta_rogac2-150x150.jpg' alt='' class='img-responsive' ><\/a><\/div><div class='col-xs-6 col-md-3 col-lg-3 gallery-item'> <a href='https:\/\/villa-solta.com\/wp-content\/uploads\/2015\/05\/solta_rogac4.jpg' rel='gallery' title=''> <img src='https:\/\/villa-solta.com\/wp-content\/uploads\/2015\/05\/solta_rogac4-150x150.jpg' alt='' class='img-responsive' ><\/a><\/div><div class='col-xs-6 col-md-3 col-lg-3 gallery-item'> <a href='https:\/\/villa-solta.com\/wp-content\/uploads\/2015\/05\/solta_rogac5.jpg' rel='gallery' title=''> <img src='https:\/\/villa-solta.com\/wp-content\/uploads\/2015\/05\/solta_rogac5-150x150.jpg' alt='' class='img-responsive' ><\/a><\/div><div class='col-xs-6 col-md-3 col-lg-3 gallery-item'> <a href='https:\/\/villa-solta.com\/wp-content\/uploads\/2015\/05\/solta_rogac7.jpg' rel='gallery' title=''> <img src='https:\/\/villa-solta.com\/wp-content\/uploads\/2015\/05\/solta_rogac7-150x150.jpg' alt='' class='img-responsive' ><\/a><\/div><div class='col-xs-6 col-md-3 col-lg-3 gallery-item'> <a href='https:\/\/villa-solta.com\/wp-content\/uploads\/2015\/05\/solta_rogac8.jpg' rel='gallery' title=''> <img src='https:\/\/villa-solta.com\/wp-content\/uploads\/2015\/05\/solta_rogac8-150x150.jpg' alt='' class='img-responsive' ><\/a><\/div><div class='col-xs-6 col-md-3 col-lg-3 gallery-item'> <a href='https:\/\/villa-solta.com\/wp-content\/uploads\/2015\/05\/solta_rogac9.jpg' rel='gallery' title=''> <img src='https:\/\/villa-solta.com\/wp-content\/uploads\/2015\/05\/solta_rogac9-150x150.jpg' alt='' class='img-responsive' ><\/a><\/div><div class='col-xs-6 col-md-3 col-lg-3 gallery-item'> <a href='https:\/\/villa-solta.com\/wp-content\/uploads\/2015\/05\/solta_rogac10.jpg' rel='gallery' title=''> <img src='https:\/\/villa-solta.com\/wp-content\/uploads\/2015\/05\/solta_rogac10-150x150.jpg' alt='' class='img-responsive' ><\/a><\/div><div class='col-xs-6 col-md-3 col-lg-3 gallery-item'> <a href='https:\/\/villa-solta.com\/wp-content\/uploads\/2015\/05\/solta_rogac11.jpg' rel='gallery' title=''> <img src='https:\/\/villa-solta.com\/wp-content\/uploads\/2015\/05\/solta_rogac11-150x150.jpg' alt='' class='img-responsive' ><\/a><\/div><div class='col-xs-6 col-md-3 col-lg-3 gallery-item'> <a href='https:\/\/villa-solta.com\/wp-content\/uploads\/2015\/05\/solta_rogac12.jpg' rel='gallery' title=''> <img src='https:\/\/villa-solta.com\/wp-content\/uploads\/2015\/05\/solta_rogac12-150x150.jpg' alt='' class='img-responsive' ><\/a><\/div><div class='col-xs-6 col-md-3 col-lg-3 gallery-item'> <a href='https:\/\/villa-solta.com\/wp-content\/uploads\/2015\/05\/solta_rogac13.jpg' rel='gallery' title=''> <img src='https:\/\/villa-solta.com\/wp-content\/uploads\/2015\/05\/solta_rogac13-150x150.jpg' alt='' class='img-responsive' ><\/a><\/div><\/div>\n    <\/div>\n\n<p><strong>\u0160olta<\/strong><\/p>\n<p>L\u2019isola di Solta \u00e8 da sempre stata un\u2019isola di pescatori e agricoltori, di grandi distese di ulivi e vigne, e ha mantenuto intatta e incontaminata la natura del Mediterraneo di una volta. Passeggiando nelle antiche calle isolane si assaporano frammenti di un passato lontano, come l\u2019essiccazione dei fichi nei cortili delle case e gli odori provenienti dalle taverne del buon vino locale prodotto dalla nota vigna Dobricic.<\/p>\n<p>Sono rare le persone che riescono a resistere a questi sapori e odori, alla natura intatta e al clima curativo. Lo hanno riconosciuto anche l\u2019imperatore romano Diocleziano e la regina degli Illiri Teuta, e i massimi poeti croati Marko Marulic e Petar Hektorovic hanno composto versi mozzafiato su questa magica isola. Solta di allora \u00e8 anche Solta di oggi, dove le grigliate di pesce e il vino vengono accompagnati dal canto dalmato, e il silenzio notturno di tanto in tanto viene interrotto dal cinguettio misterioso dell\u2019uccello Cuvita, una specie di gufo simbolo dell\u2019isola di Solta, divenuto oggi anche un grazioso souvenir, nella riproduzione dell\u2019animale realizzata dai nostri artigiani.<\/p>\n<p>Solta \u00e8 un\u2019isola di medie dimensioni con oltre 70 km di costa, numerose baie e sette isolette nella parte occidentale dell\u2019isola. L\u2019isola conta 8 localit\u00e0 (Stomorska, Gornje Selo, Necujam, Grohote, Rogac, Srednje Selo, Donje Selo e Maslinica), e ha circa 1500 abitanti. A Grohote, il centro e la localit\u00e0 pi\u00f9 grande del Comune di Solta, si trovano tutti i servizi come infermeria con eliodromo, posta, polizia, farmacia, caserma dei pompieri, centri di ritrovo, frantoio, mercato e negozio alimentari.<\/p>\n<p>Il mare trasparente, una rigogliosa e fitta vegetazione mediterranea, la bellezza naturale, il buon vino e il buon pesce, insieme all\u2019ospitalit\u00e0 calorosa degli isolani, creano molte buone ragioni per far tornare ogni volta con entusiasmo i turisti provenienti da tutta Europa.<\/p>\n<p>Dall\u2019aeroporto di Spalato ci sono circa 20 chilometri fino al porto, da l\u00ec l\u2019arrivo a Solta \u00e8 veloce e semplice con numerosi catamarani e traghetti giornalieri.<\/p>\n<p>&nbsp;<\/p>\n<p>&nbsp;<\/p>\n<p><strong>Roga\u010d<\/strong><\/p>\n<p>Rogac (carrubo) \u00e8 la localit\u00e0 marina pi\u00f9 antica ed \u00e8 il primo posto che si incontra arrivando con il traghetto. Nella storia, Rogac era il posto dei pescatori e dei marinai. I primi insediamenti sono gi\u00e0 dell\u2019epoca romana, tuttavia il paese non si \u00e8 mai espanso per via dei pericolosi attacchi dei pirati e anche per via della lontananza dai campi agricoli. Nella vicina baia Banje sono stati ritrovati i resti di edifici e muri di difesa romani, alcuni dei reperti archeologici pi\u00f9 importanti sull\u2019isola.<\/p>\n<p>Nella localit\u00e0 Rogac ci sono: ufficio turistico, stazione di rifornimento, una piccola marina turistica, ristoranti, la chiesa di Santa Teresa e numerose spiagge e percorsi pedestri lungo il mare.<\/p>\n<p>&nbsp;<\/p>\n\n\n    <div class='gallery lightbox clr '>\n    <div class=\"row\"><div class='col-xs-6 col-md-3 col-lg-3 gallery-item'> <a href='https:\/\/villa-solta.com\/wp-content\/uploads\/2018\/03\/x-beach-in-rogac.jpg' rel='gallery' title=''> <img src='https:\/\/villa-solta.com\/wp-content\/uploads\/2018\/03\/x-beach-in-rogac-150x150.jpg' alt='' class='img-responsive' ><\/a><\/div><div class='col-xs-6 col-md-3 col-lg-3 gallery-item'> <a href='https:\/\/villa-solta.com\/wp-content\/uploads\/2018\/03\/x-Grohote.jpg' rel='gallery' title=''> <img src='https:\/\/villa-solta.com\/wp-content\/uploads\/2018\/03\/x-Grohote-150x150.jpg' alt='' class='img-responsive' ><\/a><\/div><div class='col-xs-6 col-md-3 col-lg-3 gallery-item'> <a href='https:\/\/villa-solta.com\/wp-content\/uploads\/2018\/03\/x-Maslinica-2-1024x683.jpg' rel='gallery' title=''> <img src='https:\/\/villa-solta.com\/wp-content\/uploads\/2018\/03\/x-Maslinica-2-150x150.jpg' alt='' class='img-responsive' ><\/a><\/div><div class='col-xs-6 col-md-3 col-lg-3 gallery-item'> <a href='https:\/\/villa-solta.com\/wp-content\/uploads\/2018\/03\/x-rogac-32768775-1024x682.jpg' rel='gallery' title=''> <img src='https:\/\/villa-solta.com\/wp-content\/uploads\/2018\/03\/x-rogac-32768775-150x150.jpg' alt='' class='img-responsive' ><\/a><\/div><div class='col-xs-6 col-md-3 col-lg-3 gallery-item'> <a href='https:\/\/villa-solta.com\/wp-content\/uploads\/2018\/03\/x-rogac-65891690-1024x577.jpg' rel='gallery' title=''> <img src='https:\/\/villa-solta.com\/wp-content\/uploads\/2018\/03\/x-rogac-65891690-150x150.jpg' alt='' class='img-responsive' ><\/a><\/div><div class='col-xs-6 col-md-3 col-lg-3 gallery-item'> <a href='https:\/\/villa-solta.com\/wp-content\/uploads\/2018\/03\/x-rogac.jpg' rel='gallery' title=''> <img src='https:\/\/villa-solta.com\/wp-content\/uploads\/2018\/03\/x-rogac-150x150.jpg' alt='' class='img-responsive' ><\/a><\/div><div class='col-xs-6 col-md-3 col-lg-3 gallery-item'> <a href='https:\/\/villa-solta.com\/wp-content\/uploads\/2018\/03\/x-rogac116722764-1024x768.jpg' rel='gallery' title=''> <img src='https:\/\/villa-solta.com\/wp-content\/uploads\/2018\/03\/x-rogac116722764-150x150.jpg' alt='' class='img-responsive' ><\/a><\/div><div class='col-xs-6 col-md-3 col-lg-3 gallery-item'> <a href='https:\/\/villa-solta.com\/wp-content\/uploads\/2018\/03\/x-Stomorska.jpg' rel='gallery' title=''> <img src='https:\/\/villa-solta.com\/wp-content\/uploads\/2018\/03\/x-Stomorska-150x150.jpg' alt='' class='img-responsive' ><\/a><\/div><\/div>\n    <\/div>\n\n","protected":false},"excerpt":{"rendered":"<p>\u0160olta L\u2019isola di Solta \u00e8 da sempre stata un\u2019isola di pescatori e agricoltori, di grandi distese di ulivi e vigne, e ha mantenuto intatta e incontaminata la natura del Mediterraneo di una volta. Passeggiando nelle antiche calle isolane si assaporano frammenti di un passato lontano, come l\u2019essiccazione dei fichi nei cortili delle case e gli [&hellip;]<\/p>\n","protected":false},"author":1,"featured_media":352,"parent":0,"menu_order":0,"comment_status":"open","ping_status":"closed","template":"page.php","meta":{"footnotes":""},"class_list":["post-356","page","type-page","status-publish","has-post-thumbnail","hentry"],"yoast_head":"<!-- This site is optimized with the Yoast SEO plugin v27.5 - https:\/\/yoast.com\/product\/yoast-seo-wordpress\/ -->\n<title>A proposito di Solta \/ Rogac<\/title>\n<meta name=\"description\" content=\"L\u2019isola di Solta \u00e8 da sempre stata un\u2019isola di pescatori e agricoltori, di grandi distese di ulivi e vigne, e ha mantenuto intatta e incontaminata la natura del Mediterraneo di una volta.\" \/>\n<meta name=\"robots\" content=\"index, follow, max-snippet:-1, max-image-preview:large, max-video-preview:-1\" \/>\n<link rel=\"canonical\" href=\"https:\/\/villa-solta.com\/it\/a-proposito-di-solta-rogac\/\" \/>\n<meta property=\"og:locale\" content=\"it_IT\" \/>\n<meta property=\"og:type\" content=\"article\" \/>\n<meta property=\"og:title\" content=\"A proposito di Solta \/ Rogac\" \/>\n<meta property=\"og:description\" content=\"L\u2019isola di Solta \u00e8 da sempre stata un\u2019isola di pescatori e agricoltori, di grandi distese di ulivi e vigne, e ha mantenuto intatta e incontaminata la natura del Mediterraneo di una volta.\" \/>\n<meta property=\"og:url\" content=\"https:\/\/villa-solta.com\/it\/a-proposito-di-solta-rogac\/\" \/>\n<meta property=\"og:site_name\" content=\"Villa \u0161olta\" \/>\n<meta property=\"article:modified_time\" content=\"2018-03-28T12:44:56+00:00\" \/>\n<meta property=\"og:image\" content=\"https:\/\/villa-solta.com\/wp-content\/uploads\/2015\/05\/solta_rogac.jpg\" \/>\n\t<meta property=\"og:image:width\" content=\"845\" \/>\n\t<meta property=\"og:image:height\" content=\"562\" \/>\n\t<meta property=\"og:image:type\" content=\"image\/jpeg\" \/>\n<meta name=\"twitter:card\" content=\"summary_large_image\" \/>\n<meta name=\"twitter:label1\" content=\"Tempo di lettura stimato\" \/>\n\t<meta name=\"twitter:data1\" content=\"2 minuti\" \/>\n<script type=\"application\/ld+json\" class=\"yoast-schema-graph\">{\"@context\":\"https:\\\/\\\/schema.org\",\"@graph\":[{\"@type\":\"WebPage\",\"@id\":\"https:\\\/\\\/villa-solta.com\\\/it\\\/a-proposito-di-solta-rogac\\\/\",\"url\":\"https:\\\/\\\/villa-solta.com\\\/it\\\/a-proposito-di-solta-rogac\\\/\",\"name\":\"A proposito di Solta \\\/ Rogac\",\"isPartOf\":{\"@id\":\"https:\\\/\\\/villa-solta.com\\\/#website\"},\"primaryImageOfPage\":{\"@id\":\"https:\\\/\\\/villa-solta.com\\\/it\\\/a-proposito-di-solta-rogac\\\/#primaryimage\"},\"image\":{\"@id\":\"https:\\\/\\\/villa-solta.com\\\/it\\\/a-proposito-di-solta-rogac\\\/#primaryimage\"},\"thumbnailUrl\":\"https:\\\/\\\/villa-solta.com\\\/wp-content\\\/uploads\\\/2015\\\/05\\\/solta_rogac.jpg\",\"datePublished\":\"2015-05-26T10:21:54+00:00\",\"dateModified\":\"2018-03-28T12:44:56+00:00\",\"description\":\"L\u2019isola di Solta \u00e8 da sempre stata un\u2019isola di pescatori e agricoltori, di grandi distese di ulivi e vigne, e ha mantenuto intatta e incontaminata la natura del Mediterraneo di una volta.\",\"breadcrumb\":{\"@id\":\"https:\\\/\\\/villa-solta.com\\\/it\\\/a-proposito-di-solta-rogac\\\/#breadcrumb\"},\"inLanguage\":\"it-IT\",\"potentialAction\":[{\"@type\":\"ReadAction\",\"target\":[\"https:\\\/\\\/villa-solta.com\\\/it\\\/a-proposito-di-solta-rogac\\\/\"]}]},{\"@type\":\"ImageObject\",\"inLanguage\":\"it-IT\",\"@id\":\"https:\\\/\\\/villa-solta.com\\\/it\\\/a-proposito-di-solta-rogac\\\/#primaryimage\",\"url\":\"https:\\\/\\\/villa-solta.com\\\/wp-content\\\/uploads\\\/2015\\\/05\\\/solta_rogac.jpg\",\"contentUrl\":\"https:\\\/\\\/villa-solta.com\\\/wp-content\\\/uploads\\\/2015\\\/05\\\/solta_rogac.jpg\",\"width\":845,\"height\":562},{\"@type\":\"BreadcrumbList\",\"@id\":\"https:\\\/\\\/villa-solta.com\\\/it\\\/a-proposito-di-solta-rogac\\\/#breadcrumb\",\"itemListElement\":[{\"@type\":\"ListItem\",\"position\":1,\"name\":\"Home\",\"item\":\"https:\\\/\\\/villa-solta.com\\\/\"},{\"@type\":\"ListItem\",\"position\":2,\"name\":\"A proposito di Solta \\\/ Rogac\"}]},{\"@type\":\"WebSite\",\"@id\":\"https:\\\/\\\/villa-solta.com\\\/#website\",\"url\":\"https:\\\/\\\/villa-solta.com\\\/\",\"name\":\"Villa \u0161olta\",\"description\":\"Villa \u0160olta on Island \u0160olta\",\"potentialAction\":[{\"@type\":\"SearchAction\",\"target\":{\"@type\":\"EntryPoint\",\"urlTemplate\":\"https:\\\/\\\/villa-solta.com\\\/?s={search_term_string}\"},\"query-input\":{\"@type\":\"PropertyValueSpecification\",\"valueRequired\":true,\"valueName\":\"search_term_string\"}}],\"inLanguage\":\"it-IT\"}]}<\/script>\n<!-- \/ Yoast SEO plugin. -->","yoast_head_json":{"title":"A proposito di Solta \/ Rogac","description":"L\u2019isola di Solta \u00e8 da sempre stata un\u2019isola di pescatori e agricoltori, di grandi distese di ulivi e vigne, e ha mantenuto intatta e incontaminata la natura del Mediterraneo di una volta.","robots":{"index":"index","follow":"follow","max-snippet":"max-snippet:-1","max-image-preview":"max-image-preview:large","max-video-preview":"max-video-preview:-1"},"canonical":"https:\/\/villa-solta.com\/it\/a-proposito-di-solta-rogac\/","og_locale":"it_IT","og_type":"article","og_title":"A proposito di Solta \/ Rogac","og_description":"L\u2019isola di Solta \u00e8 da sempre stata un\u2019isola di pescatori e agricoltori, di grandi distese di ulivi e vigne, e ha mantenuto intatta e incontaminata la natura del Mediterraneo di una volta.","og_url":"https:\/\/villa-solta.com\/it\/a-proposito-di-solta-rogac\/","og_site_name":"Villa \u0161olta","article_modified_time":"2018-03-28T12:44:56+00:00","og_image":[{"width":845,"height":562,"url":"https:\/\/villa-solta.com\/wp-content\/uploads\/2015\/05\/solta_rogac.jpg","type":"image\/jpeg"}],"twitter_card":"summary_large_image","twitter_misc":{"Tempo di lettura stimato":"2 minuti"},"schema":{"@context":"https:\/\/schema.org","@graph":[{"@type":"WebPage","@id":"https:\/\/villa-solta.com\/it\/a-proposito-di-solta-rogac\/","url":"https:\/\/villa-solta.com\/it\/a-proposito-di-solta-rogac\/","name":"A proposito di Solta \/ Rogac","isPartOf":{"@id":"https:\/\/villa-solta.com\/#website"},"primaryImageOfPage":{"@id":"https:\/\/villa-solta.com\/it\/a-proposito-di-solta-rogac\/#primaryimage"},"image":{"@id":"https:\/\/villa-solta.com\/it\/a-proposito-di-solta-rogac\/#primaryimage"},"thumbnailUrl":"https:\/\/villa-solta.com\/wp-content\/uploads\/2015\/05\/solta_rogac.jpg","datePublished":"2015-05-26T10:21:54+00:00","dateModified":"2018-03-28T12:44:56+00:00","description":"L\u2019isola di Solta \u00e8 da sempre stata un\u2019isola di pescatori e agricoltori, di grandi distese di ulivi e vigne, e ha mantenuto intatta e incontaminata la natura del Mediterraneo di una volta.","breadcrumb":{"@id":"https:\/\/villa-solta.com\/it\/a-proposito-di-solta-rogac\/#breadcrumb"},"inLanguage":"it-IT","potentialAction":[{"@type":"ReadAction","target":["https:\/\/villa-solta.com\/it\/a-proposito-di-solta-rogac\/"]}]},{"@type":"ImageObject","inLanguage":"it-IT","@id":"https:\/\/villa-solta.com\/it\/a-proposito-di-solta-rogac\/#primaryimage","url":"https:\/\/villa-solta.com\/wp-content\/uploads\/2015\/05\/solta_rogac.jpg","contentUrl":"https:\/\/villa-solta.com\/wp-content\/uploads\/2015\/05\/solta_rogac.jpg","width":845,"height":562},{"@type":"BreadcrumbList","@id":"https:\/\/villa-solta.com\/it\/a-proposito-di-solta-rogac\/#breadcrumb","itemListElement":[{"@type":"ListItem","position":1,"name":"Home","item":"https:\/\/villa-solta.com\/"},{"@type":"ListItem","position":2,"name":"A proposito di Solta \/ Rogac"}]},{"@type":"WebSite","@id":"https:\/\/villa-solta.com\/#website","url":"https:\/\/villa-solta.com\/","name":"Villa \u0161olta","description":"Villa \u0160olta on Island \u0160olta","potentialAction":[{"@type":"SearchAction","target":{"@type":"EntryPoint","urlTemplate":"https:\/\/villa-solta.com\/?s={search_term_string}"},"query-input":{"@type":"PropertyValueSpecification","valueRequired":true,"valueName":"search_term_string"}}],"inLanguage":"it-IT"}]}},"_links":{"self":[{"href":"https:\/\/villa-solta.com\/it\/wp-json\/wp\/v2\/pages\/356\/"}],"collection":[{"href":"https:\/\/villa-solta.com\/it\/wp-json\/wp\/v2\/pages\/"}],"about":[{"href":"https:\/\/villa-solta.com\/it\/wp-json\/wp\/v2\/types\/page\/"}],"author":[{"embeddable":true,"href":"https:\/\/villa-solta.com\/it\/wp-json\/wp\/v2\/users\/1\/"}],"replies":[{"embeddable":true,"href":"https:\/\/villa-solta.com\/it\/wp-json\/wp\/v2\/comments\/?post=356"}],"version-history":[{"count":4,"href":"https:\/\/villa-solta.com\/it\/wp-json\/wp\/v2\/pages\/356\/revisions\/"}],"predecessor-version":[{"id":786,"href":"https:\/\/villa-solta.com\/it\/wp-json\/wp\/v2\/pages\/356\/revisions\/786\/"}],"wp:featuredmedia":[{"embeddable":true,"href":"https:\/\/villa-solta.com\/it\/wp-json\/wp\/v2\/media\/352\/"}],"wp:attachment":[{"href":"https:\/\/villa-solta.com\/it\/wp-json\/wp\/v2\/media\/?parent=356"}],"curies":[{"name":"wp","href":"https:\/\/api.w.org\/{rel}","templated":true}]}}