{"id":371,"date":"2015-05-26T10:34:05","date_gmt":"2015-05-26T10:34:05","guid":{"rendered":"https:\/\/villa-solta.com\/pricelist-2\/"},"modified":"2026-01-19T18:26:18","modified_gmt":"2026-01-19T16:26:18","slug":"listino-prezzi","status":"publish","type":"page","link":"https:\/\/villa-solta.com\/it\/listino-prezzi\/","title":{"rendered":"Listino prezzi"},"content":{"rendered":"<table class=\" aligncenter\" style=\"height: 276px;\" width=\"100%\">\n<tbody>\n<tr>\n<td><\/td>\n<td style=\"text-align: center;\">01.07. &#8211; 31.08.<\/td>\n<td style=\"text-align: center;\">Altri mesi<\/td>\n<\/tr>\n<tr>\n<td style=\"text-align: center;\">Appartamento (A4)<br \/>\n(4 persone)<\/td>\n<td style=\"text-align: center;\">140 EUR<\/td>\n<td style=\"text-align: center;\">120 EUR<\/td>\n<\/tr>\n<tr>\n<td style=\"text-align: center;\">camera matrimoniale (2+0)<br \/>\n(2 persone)<\/td>\n<td style=\"text-align: center;\">88 EUR<\/td>\n<td style=\"text-align: center;\">78 EUR<\/td>\n<\/tr>\n<tr>\n<td style=\"text-align: center;\"><\/td>\n<td style=\"text-align: center;\"><\/td>\n<td style=\"text-align: center;\"><\/td>\n<\/tr>\n<tr>\n<td style=\"text-align: center;\">Colazione<br \/>\n(1 persona)<\/td>\n<td style=\"text-align: center;\">12 EUR<\/td>\n<td style=\"text-align: center;\">\u00a012 EUR<\/td>\n<\/tr>\n<\/tbody>\n<\/table>\n<p>&nbsp;<\/p>\n<ul>\n<li>La tassa di soggiorno \u00e8 inclusa nel prezzo.<\/li>\n<li>Il prezzo include le pulizie giornaliere delle camere, cambio asciugamani e parcheggio.<\/li>\n<\/ul>\n<p>&nbsp;<\/p>\n<p><strong>CONTO CORRENTE BANCARIO<\/strong><\/p>\n<p><strong>Le prenotazioni vengono confermate al momento del pagamento del 30% sul conto bancario.<\/strong><\/p>\n<ul>\n<li>Zorica Bezi\u0107<\/li>\n<li>21430 Grohote, Dolac 9, \u0160olta, Croatia<\/li>\n<li>Privredna banka Zagreb<\/li>\n<li>Bank OIB: 02535697732<\/li>\n<li>Poslovnica 187 Brodarica, Put Brodarice 6, Split<\/li>\n<li>IBAN: HR42 2340 0093 1121 8637 0<\/li>\n<li>SWIFT: PBZGHR2X<\/li>\n<\/ul>\n<p>&nbsp;<\/p>\n","protected":false},"excerpt":{"rendered":"<p>01.07. &#8211; 31.08. Altri mesi Appartamento (A4) (4 persone) 140 EUR 120 EUR camera matrimoniale (2+0) (2 persone) 88 EUR 78 EUR Colazione (1 persona) 12 EUR \u00a012 EUR &nbsp; La tassa di soggiorno \u00e8 inclusa nel prezzo. Il prezzo include le pulizie giornaliere delle camere, cambio asciugamani e parcheggio. &nbsp; CONTO CORRENTE BANCARIO Le [&hellip;]<\/p>\n","protected":false},"author":1,"featured_media":0,"parent":0,"menu_order":0,"comment_status":"open","ping_status":"open","template":"","meta":{"footnotes":""},"class_list":["post-371","page","type-page","status-publish","hentry"],"yoast_head":"<!-- This site is optimized with the Yoast SEO plugin v27.4 - https:\/\/yoast.com\/product\/yoast-seo-wordpress\/ -->\n<title>Listino prezzi<\/title>\n<meta name=\"description\" content=\"Listino prezzi\" \/>\n<meta name=\"robots\" content=\"index, follow, max-snippet:-1, max-image-preview:large, max-video-preview:-1\" \/>\n<link rel=\"canonical\" href=\"https:\/\/villa-solta.com\/it\/listino-prezzi\/\" \/>\n<meta property=\"og:locale\" content=\"it_IT\" \/>\n<meta property=\"og:type\" content=\"article\" \/>\n<meta property=\"og:title\" content=\"Listino prezzi\" \/>\n<meta property=\"og:description\" content=\"Listino prezzi\" \/>\n<meta property=\"og:url\" content=\"https:\/\/villa-solta.com\/it\/listino-prezzi\/\" \/>\n<meta property=\"og:site_name\" content=\"Villa \u0161olta\" \/>\n<meta property=\"article:modified_time\" content=\"2026-01-19T16:26:18+00:00\" \/>\n<meta name=\"twitter:card\" content=\"summary_large_image\" \/>\n<meta name=\"twitter:label1\" content=\"Tempo di lettura stimato\" \/>\n\t<meta name=\"twitter:data1\" content=\"1 minuto\" \/>\n<script type=\"application\/ld+json\" class=\"yoast-schema-graph\">{\"@context\":\"https:\\\/\\\/schema.org\",\"@graph\":[{\"@type\":\"WebPage\",\"@id\":\"https:\\\/\\\/villa-solta.com\\\/it\\\/listino-prezzi\\\/\",\"url\":\"https:\\\/\\\/villa-solta.com\\\/it\\\/listino-prezzi\\\/\",\"name\":\"Listino prezzi\",\"isPartOf\":{\"@id\":\"https:\\\/\\\/villa-solta.com\\\/#website\"},\"datePublished\":\"2015-05-26T10:34:05+00:00\",\"dateModified\":\"2026-01-19T16:26:18+00:00\",\"description\":\"Listino prezzi\",\"breadcrumb\":{\"@id\":\"https:\\\/\\\/villa-solta.com\\\/it\\\/listino-prezzi\\\/#breadcrumb\"},\"inLanguage\":\"it-IT\",\"potentialAction\":[{\"@type\":\"ReadAction\",\"target\":[\"https:\\\/\\\/villa-solta.com\\\/it\\\/listino-prezzi\\\/\"]}]},{\"@type\":\"BreadcrumbList\",\"@id\":\"https:\\\/\\\/villa-solta.com\\\/it\\\/listino-prezzi\\\/#breadcrumb\",\"itemListElement\":[{\"@type\":\"ListItem\",\"position\":1,\"name\":\"Home\",\"item\":\"https:\\\/\\\/villa-solta.com\\\/\"},{\"@type\":\"ListItem\",\"position\":2,\"name\":\"Listino prezzi\"}]},{\"@type\":\"WebSite\",\"@id\":\"https:\\\/\\\/villa-solta.com\\\/#website\",\"url\":\"https:\\\/\\\/villa-solta.com\\\/\",\"name\":\"Villa \u0161olta\",\"description\":\"Villa \u0160olta on Island \u0160olta\",\"potentialAction\":[{\"@type\":\"SearchAction\",\"target\":{\"@type\":\"EntryPoint\",\"urlTemplate\":\"https:\\\/\\\/villa-solta.com\\\/?s={search_term_string}\"},\"query-input\":{\"@type\":\"PropertyValueSpecification\",\"valueRequired\":true,\"valueName\":\"search_term_string\"}}],\"inLanguage\":\"it-IT\"}]}<\/script>\n<!-- \/ Yoast SEO plugin. -->","yoast_head_json":{"title":"Listino prezzi","description":"Listino prezzi","robots":{"index":"index","follow":"follow","max-snippet":"max-snippet:-1","max-image-preview":"max-image-preview:large","max-video-preview":"max-video-preview:-1"},"canonical":"https:\/\/villa-solta.com\/it\/listino-prezzi\/","og_locale":"it_IT","og_type":"article","og_title":"Listino prezzi","og_description":"Listino prezzi","og_url":"https:\/\/villa-solta.com\/it\/listino-prezzi\/","og_site_name":"Villa \u0161olta","article_modified_time":"2026-01-19T16:26:18+00:00","twitter_card":"summary_large_image","twitter_misc":{"Tempo di lettura stimato":"1 minuto"},"schema":{"@context":"https:\/\/schema.org","@graph":[{"@type":"WebPage","@id":"https:\/\/villa-solta.com\/it\/listino-prezzi\/","url":"https:\/\/villa-solta.com\/it\/listino-prezzi\/","name":"Listino prezzi","isPartOf":{"@id":"https:\/\/villa-solta.com\/#website"},"datePublished":"2015-05-26T10:34:05+00:00","dateModified":"2026-01-19T16:26:18+00:00","description":"Listino prezzi","breadcrumb":{"@id":"https:\/\/villa-solta.com\/it\/listino-prezzi\/#breadcrumb"},"inLanguage":"it-IT","potentialAction":[{"@type":"ReadAction","target":["https:\/\/villa-solta.com\/it\/listino-prezzi\/"]}]},{"@type":"BreadcrumbList","@id":"https:\/\/villa-solta.com\/it\/listino-prezzi\/#breadcrumb","itemListElement":[{"@type":"ListItem","position":1,"name":"Home","item":"https:\/\/villa-solta.com\/"},{"@type":"ListItem","position":2,"name":"Listino prezzi"}]},{"@type":"WebSite","@id":"https:\/\/villa-solta.com\/#website","url":"https:\/\/villa-solta.com\/","name":"Villa \u0161olta","description":"Villa \u0160olta on Island \u0160olta","potentialAction":[{"@type":"SearchAction","target":{"@type":"EntryPoint","urlTemplate":"https:\/\/villa-solta.com\/?s={search_term_string}"},"query-input":{"@type":"PropertyValueSpecification","valueRequired":true,"valueName":"search_term_string"}}],"inLanguage":"it-IT"}]}},"_links":{"self":[{"href":"https:\/\/villa-solta.com\/it\/wp-json\/wp\/v2\/pages\/371\/"}],"collection":[{"href":"https:\/\/villa-solta.com\/it\/wp-json\/wp\/v2\/pages\/"}],"about":[{"href":"https:\/\/villa-solta.com\/it\/wp-json\/wp\/v2\/types\/page\/"}],"author":[{"embeddable":true,"href":"https:\/\/villa-solta.com\/it\/wp-json\/wp\/v2\/users\/1\/"}],"replies":[{"embeddable":true,"href":"https:\/\/villa-solta.com\/it\/wp-json\/wp\/v2\/comments\/?post=371"}],"version-history":[{"count":24,"href":"https:\/\/villa-solta.com\/it\/wp-json\/wp\/v2\/pages\/371\/revisions\/"}],"predecessor-version":[{"id":1836,"href":"https:\/\/villa-solta.com\/it\/wp-json\/wp\/v2\/pages\/371\/revisions\/1836\/"}],"wp:attachment":[{"href":"https:\/\/villa-solta.com\/it\/wp-json\/wp\/v2\/media\/?parent=371"}],"curies":[{"name":"wp","href":"https:\/\/api.w.org\/{rel}","templated":true}]}}