{"id":451,"date":"2015-05-21T09:41:25","date_gmt":"2015-05-21T09:41:25","guid":{"rendered":"https:\/\/villa-solta.com\/poll-2\/"},"modified":"2024-02-08T10:13:48","modified_gmt":"2024-02-08T08:13:48","slug":"piscina","status":"publish","type":"page","link":"https:\/\/villa-solta.com\/it\/piscina\/","title":{"rendered":"Piscina"},"content":{"rendered":"\n\n    <div class='gallery lightbox clr '>\n    <div class=\"row\"><div class='col-xs-6 col-md-3 col-lg-3 gallery-item'> <a href='https:\/\/villa-solta.com\/wp-content\/uploads\/2024\/02\/20230620_13313029894-1024x1024.jpg' rel='gallery' title=''> <img src='https:\/\/villa-solta.com\/wp-content\/uploads\/2024\/02\/20230620_13313029894-150x150.jpg' alt='' class='img-responsive' ><\/a><\/div><div class='col-xs-6 col-md-3 col-lg-3 gallery-item'> <a href='https:\/\/villa-solta.com\/wp-content\/uploads\/2024\/02\/20230620_13320829972-1024x1024.jpg' rel='gallery' title=''> <img src='https:\/\/villa-solta.com\/wp-content\/uploads\/2024\/02\/20230620_13320829972-150x150.jpg' alt='' class='img-responsive' ><\/a><\/div><div class='col-xs-6 col-md-3 col-lg-3 gallery-item'> <a href='https:\/\/villa-solta.com\/wp-content\/uploads\/2024\/02\/20230620_133248-1024x1024.jpg' rel='gallery' title=''> <img src='https:\/\/villa-solta.com\/wp-content\/uploads\/2024\/02\/20230620_133248-150x150.jpg' alt='' class='img-responsive' ><\/a><\/div><div class='col-xs-6 col-md-3 col-lg-3 gallery-item'> <a href='https:\/\/villa-solta.com\/wp-content\/uploads\/2024\/02\/20230629_10125529951-1024x1024.jpg' rel='gallery' title=''> <img src='https:\/\/villa-solta.com\/wp-content\/uploads\/2024\/02\/20230629_10125529951-150x150.jpg' alt='' class='img-responsive' ><\/a><\/div><\/div>\n    <\/div>\n\n","protected":false},"excerpt":{"rendered":"<p>Per consentire ai nostri clienti migliore e pi\u00f9 piacevole soggiorno nella nostra offerta comprende una piscina. La piscina si trova ad una altezza che offre una vista sulla baia e sul mare. Rivestito con una pietra tradizionale dalmata, caratterizzato da un&#8217;atmosfera in quanto si trova nella roccia.<\/p>\n","protected":false},"author":1,"featured_media":1740,"parent":0,"menu_order":0,"comment_status":"open","ping_status":"open","template":"page-poll.php","meta":{"footnotes":""},"class_list":["post-451","page","type-page","status-publish","has-post-thumbnail","hentry","pages_categories-naslovnica-bazen-it"],"yoast_head":"<!-- This site is optimized with the Yoast SEO plugin v27.4 - https:\/\/yoast.com\/product\/yoast-seo-wordpress\/ -->\n<title>Piscina - Villa \u0161olta<\/title>\n<meta name=\"robots\" content=\"index, follow, max-snippet:-1, max-image-preview:large, max-video-preview:-1\" \/>\n<link rel=\"canonical\" href=\"https:\/\/villa-solta.com\/it\/piscina\/\" \/>\n<meta property=\"og:locale\" content=\"it_IT\" \/>\n<meta property=\"og:type\" content=\"article\" \/>\n<meta property=\"og:title\" content=\"Piscina - Villa \u0161olta\" \/>\n<meta property=\"og:description\" content=\"Per consentire ai nostri clienti migliore e pi\u00f9 piacevole soggiorno nella nostra offerta comprende una piscina. La piscina si trova ad una altezza che offre una vista sulla baia e sul mare. Rivestito con una pietra tradizionale dalmata, caratterizzato da un&#039;atmosfera in quanto si trova nella roccia.\" \/>\n<meta property=\"og:url\" content=\"https:\/\/villa-solta.com\/it\/piscina\/\" \/>\n<meta property=\"og:site_name\" content=\"Villa \u0161olta\" \/>\n<meta property=\"article:modified_time\" content=\"2024-02-08T08:13:48+00:00\" \/>\n<meta property=\"og:image\" content=\"https:\/\/villa-solta.com\/wp-content\/uploads\/2024\/02\/pool1.jpg\" \/>\n\t<meta property=\"og:image:width\" content=\"1920\" \/>\n\t<meta property=\"og:image:height\" content=\"820\" \/>\n\t<meta property=\"og:image:type\" content=\"image\/jpeg\" \/>\n<meta name=\"twitter:card\" content=\"summary_large_image\" \/>\n<meta name=\"twitter:label1\" content=\"Tempo di lettura stimato\" \/>\n\t<meta name=\"twitter:data1\" content=\"1 minuto\" \/>\n<script type=\"application\/ld+json\" class=\"yoast-schema-graph\">{\"@context\":\"https:\\\/\\\/schema.org\",\"@graph\":[{\"@type\":\"WebPage\",\"@id\":\"https:\\\/\\\/villa-solta.com\\\/it\\\/piscina\\\/\",\"url\":\"https:\\\/\\\/villa-solta.com\\\/it\\\/piscina\\\/\",\"name\":\"Piscina - Villa \u0161olta\",\"isPartOf\":{\"@id\":\"https:\\\/\\\/villa-solta.com\\\/#website\"},\"primaryImageOfPage\":{\"@id\":\"https:\\\/\\\/villa-solta.com\\\/it\\\/piscina\\\/#primaryimage\"},\"image\":{\"@id\":\"https:\\\/\\\/villa-solta.com\\\/it\\\/piscina\\\/#primaryimage\"},\"thumbnailUrl\":\"https:\\\/\\\/villa-solta.com\\\/wp-content\\\/uploads\\\/2024\\\/02\\\/Frame-21.jpg\",\"datePublished\":\"2015-05-21T09:41:25+00:00\",\"dateModified\":\"2024-02-08T08:13:48+00:00\",\"breadcrumb\":{\"@id\":\"https:\\\/\\\/villa-solta.com\\\/it\\\/piscina\\\/#breadcrumb\"},\"inLanguage\":\"it-IT\",\"potentialAction\":[{\"@type\":\"ReadAction\",\"target\":[\"https:\\\/\\\/villa-solta.com\\\/it\\\/piscina\\\/\"]}]},{\"@type\":\"ImageObject\",\"inLanguage\":\"it-IT\",\"@id\":\"https:\\\/\\\/villa-solta.com\\\/it\\\/piscina\\\/#primaryimage\",\"url\":\"https:\\\/\\\/villa-solta.com\\\/wp-content\\\/uploads\\\/2024\\\/02\\\/Frame-21.jpg\",\"contentUrl\":\"https:\\\/\\\/villa-solta.com\\\/wp-content\\\/uploads\\\/2024\\\/02\\\/Frame-21.jpg\",\"width\":1000,\"height\":820},{\"@type\":\"BreadcrumbList\",\"@id\":\"https:\\\/\\\/villa-solta.com\\\/it\\\/piscina\\\/#breadcrumb\",\"itemListElement\":[{\"@type\":\"ListItem\",\"position\":1,\"name\":\"Home\",\"item\":\"https:\\\/\\\/villa-solta.com\\\/\"},{\"@type\":\"ListItem\",\"position\":2,\"name\":\"Piscina\"}]},{\"@type\":\"WebSite\",\"@id\":\"https:\\\/\\\/villa-solta.com\\\/#website\",\"url\":\"https:\\\/\\\/villa-solta.com\\\/\",\"name\":\"Villa \u0161olta\",\"description\":\"Villa \u0160olta on Island \u0160olta\",\"potentialAction\":[{\"@type\":\"SearchAction\",\"target\":{\"@type\":\"EntryPoint\",\"urlTemplate\":\"https:\\\/\\\/villa-solta.com\\\/?s={search_term_string}\"},\"query-input\":{\"@type\":\"PropertyValueSpecification\",\"valueRequired\":true,\"valueName\":\"search_term_string\"}}],\"inLanguage\":\"it-IT\"}]}<\/script>\n<!-- \/ Yoast SEO plugin. -->","yoast_head_json":{"title":"Piscina - Villa \u0161olta","robots":{"index":"index","follow":"follow","max-snippet":"max-snippet:-1","max-image-preview":"max-image-preview:large","max-video-preview":"max-video-preview:-1"},"canonical":"https:\/\/villa-solta.com\/it\/piscina\/","og_locale":"it_IT","og_type":"article","og_title":"Piscina - Villa \u0161olta","og_description":"Per consentire ai nostri clienti migliore e pi\u00f9 piacevole soggiorno nella nostra offerta comprende una piscina. La piscina si trova ad una altezza che offre una vista sulla baia e sul mare. Rivestito con una pietra tradizionale dalmata, caratterizzato da un'atmosfera in quanto si trova nella roccia.","og_url":"https:\/\/villa-solta.com\/it\/piscina\/","og_site_name":"Villa \u0161olta","article_modified_time":"2024-02-08T08:13:48+00:00","og_image":[{"width":1920,"height":820,"url":"https:\/\/villa-solta.com\/wp-content\/uploads\/2024\/02\/pool1.jpg","type":"image\/jpeg"}],"twitter_card":"summary_large_image","twitter_misc":{"Tempo di lettura stimato":"1 minuto"},"schema":{"@context":"https:\/\/schema.org","@graph":[{"@type":"WebPage","@id":"https:\/\/villa-solta.com\/it\/piscina\/","url":"https:\/\/villa-solta.com\/it\/piscina\/","name":"Piscina - Villa \u0161olta","isPartOf":{"@id":"https:\/\/villa-solta.com\/#website"},"primaryImageOfPage":{"@id":"https:\/\/villa-solta.com\/it\/piscina\/#primaryimage"},"image":{"@id":"https:\/\/villa-solta.com\/it\/piscina\/#primaryimage"},"thumbnailUrl":"https:\/\/villa-solta.com\/wp-content\/uploads\/2024\/02\/Frame-21.jpg","datePublished":"2015-05-21T09:41:25+00:00","dateModified":"2024-02-08T08:13:48+00:00","breadcrumb":{"@id":"https:\/\/villa-solta.com\/it\/piscina\/#breadcrumb"},"inLanguage":"it-IT","potentialAction":[{"@type":"ReadAction","target":["https:\/\/villa-solta.com\/it\/piscina\/"]}]},{"@type":"ImageObject","inLanguage":"it-IT","@id":"https:\/\/villa-solta.com\/it\/piscina\/#primaryimage","url":"https:\/\/villa-solta.com\/wp-content\/uploads\/2024\/02\/Frame-21.jpg","contentUrl":"https:\/\/villa-solta.com\/wp-content\/uploads\/2024\/02\/Frame-21.jpg","width":1000,"height":820},{"@type":"BreadcrumbList","@id":"https:\/\/villa-solta.com\/it\/piscina\/#breadcrumb","itemListElement":[{"@type":"ListItem","position":1,"name":"Home","item":"https:\/\/villa-solta.com\/"},{"@type":"ListItem","position":2,"name":"Piscina"}]},{"@type":"WebSite","@id":"https:\/\/villa-solta.com\/#website","url":"https:\/\/villa-solta.com\/","name":"Villa \u0161olta","description":"Villa \u0160olta on Island \u0160olta","potentialAction":[{"@type":"SearchAction","target":{"@type":"EntryPoint","urlTemplate":"https:\/\/villa-solta.com\/?s={search_term_string}"},"query-input":{"@type":"PropertyValueSpecification","valueRequired":true,"valueName":"search_term_string"}}],"inLanguage":"it-IT"}]}},"_links":{"self":[{"href":"https:\/\/villa-solta.com\/it\/wp-json\/wp\/v2\/pages\/451\/"}],"collection":[{"href":"https:\/\/villa-solta.com\/it\/wp-json\/wp\/v2\/pages\/"}],"about":[{"href":"https:\/\/villa-solta.com\/it\/wp-json\/wp\/v2\/types\/page\/"}],"author":[{"embeddable":true,"href":"https:\/\/villa-solta.com\/it\/wp-json\/wp\/v2\/users\/1\/"}],"replies":[{"embeddable":true,"href":"https:\/\/villa-solta.com\/it\/wp-json\/wp\/v2\/comments\/?post=451"}],"version-history":[{"count":11,"href":"https:\/\/villa-solta.com\/it\/wp-json\/wp\/v2\/pages\/451\/revisions\/"}],"predecessor-version":[{"id":1736,"href":"https:\/\/villa-solta.com\/it\/wp-json\/wp\/v2\/pages\/451\/revisions\/1736\/"}],"wp:featuredmedia":[{"embeddable":true,"href":"https:\/\/villa-solta.com\/it\/wp-json\/wp\/v2\/media\/1740\/"}],"wp:attachment":[{"href":"https:\/\/villa-solta.com\/it\/wp-json\/wp\/v2\/media\/?parent=451"}],"curies":[{"name":"wp","href":"https:\/\/api.w.org\/{rel}","templated":true}]}}